{"id":458,"date":"2021-09-08T05:48:54","date_gmt":"2021-09-08T05:48:54","guid":{"rendered":"https:\/\/skm-moers.com\/?page_id=458"},"modified":"2021-10-27T11:05:23","modified_gmt":"2021-10-27T11:05:23","slug":"verarbeitung-von-textilien","status":"publish","type":"page","link":"https:\/\/skm-moers.com\/en\/verarbeitung-von-textilien\/","title":{"rendered":"Process of technical textiles"},"content":{"rendered":"<div id=\"cmsmasters_row_\" class=\"cmsmasters_row cmsmasters_color_scheme_default cmsmasters_row_top_default cmsmasters_row_bot_default cmsmasters_row_boxed\">\n<div class=\"cmsmasters_row_outer_parent\">\n<div class=\"cmsmasters_row_outer\">\n<div class=\"cmsmasters_row_inner\">\n<div class=\"cmsmasters_row_margin\">\n<div id=\"cmsmasters_column_\" class=\"cmsmasters_column one_first\">\n<div class=\"cmsmasters_column_inner\"><div class=\"cmsmasters_text\">\n<p>&nbsp;<\/p>\n<\/div>\n<\/div><\/div>\n<\/div>\n<\/div>\n<\/div>\n<\/div>\n<\/div>\n<div id=\"cmsmasters_row_73if9o4vbr\" class=\"cmsmasters_row cmsmasters_color_scheme_default cmsmasters_row_top_default cmsmasters_row_bot_default cmsmasters_row_boxed\">\n<div class=\"cmsmasters_row_outer_parent\">\n<div class=\"cmsmasters_row_outer\">\n<div class=\"cmsmasters_row_inner\">\n<div class=\"cmsmasters_row_margin\">\n<div id=\"cmsmasters_column_43sn4gkc1d\" class=\"cmsmasters_column one_first\">\n<div class=\"cmsmasters_column_inner\"><div id=\"cmsmasters_heading_vkfqr8drc\" class=\"cmsmasters_heading_wrap cmsmasters_heading_align_center main-title\">\n\t<h1 class=\"cmsmasters_heading\">Process of technical textiles<\/h1>\n<\/div><div class=\"cmsmasters_text page-sub-title\">\n<p style=\"text-align: center;\">The processing of technical textiles is our expertise, SKM has been a specialist in heavy fabric confection for several decades.<br \/>\nIn doing so, our regularly trained employees have a wide range of options for processing textiles and tarpaulins.<\/p>\n<\/div>\n<\/div><\/div>\n<\/div>\n<\/div>\n<\/div>\n<\/div>\n<\/div>\n<div id=\"cmsmasters_row_93x119xuq\" class=\"cmsmasters_row cmsmasters_color_scheme_default img-holder-row cmsmasters_row_top_default cmsmasters_row_bot_default cmsmasters_row_fullwidth\" data-stellar-background-ratio=\"0.5\">\n<div class=\"cmsmasters_row_outer_parent\">\n<div class=\"cmsmasters_row_outer\">\n<div class=\"cmsmasters_row_inner cmsmasters_row_fullwidth\">\n<div class=\"cmsmasters_row_margin\">\n<div id=\"cmsmasters_column_khhgle8a7n\" class=\"cmsmasters_column one_first\">\n<div class=\"cmsmasters_column_inner\"><\/div><\/div>\n<\/div>\n<\/div>\n<\/div>\n<\/div>\n<\/div>\n<div id=\"cmsmasters_row_tm3szzpzti\" class=\"cmsmasters_row cmsmasters_color_scheme_default visibility-divider-1024  cmsmasters_row_top_default cmsmasters_row_bot_default cmsmasters_row_fullwidth\">\n<div id=\"visibility-divider-1024\" class=\"cmsmasters_row_outer_parent\">\n<div class=\"cmsmasters_row_outer\">\n<div class=\"cmsmasters_row_inner cmsmasters_row_fullwidth\">\n<div class=\"cmsmasters_row_margin\">\n<div id=\"cmsmasters_column_qgvsuon93\" class=\"cmsmasters_column one_first visibility-divider-col-1024\">\n<div class=\"cmsmasters_column_inner\">\n<div id=\"cmsmasters_divider_n83nqzkfv\" class=\"cmsmasters_divider cmsmasters_divider_width_long cmsmasters_divider_pos_center\"><\/div>\n<div id=\"cmsmasters_divider_crsspu4byd\" class=\"cmsmasters_divider cmsmasters_divider_width_long cmsmasters_divider_pos_center\"><\/div>\n<div id=\"cmsmasters_divider_osdzfugpd\" class=\"cmsmasters_divider cmsmasters_divider_width_long cmsmasters_divider_pos_center\"><\/div>\n<div id=\"cmsmasters_divider_vq285vsbh2\" class=\"cmsmasters_divider cmsmasters_divider_width_long cmsmasters_divider_pos_center\"><\/div>\n<div id=\"cmsmasters_divider_jbg1ckln0a\" class=\"cmsmasters_divider cmsmasters_divider_width_long cmsmasters_divider_pos_center\"><\/div>\n<\/div><\/div>\n<\/div>\n<\/div>\n<\/div>\n<\/div>\n<\/div>\n<div id=\"cmsmasters_row_hijxixa9\" class=\"cmsmasters_row cmsmasters_color_scheme_default mansory-row-holder visibility-all-other cmsmasters_row_top_default cmsmasters_row_bot_default cmsmasters_row_fullwidth\">\n<div class=\"cmsmasters_row_outer_parent\">\n<div class=\"cmsmasters_row_outer\">\n<div class=\"cmsmasters_row_inner cmsmasters_row_fullwidth\">\n<div class=\"cmsmasters_row_margin\">\n<div id=\"cmsmasters_column_vo16xlc5to\" class=\"cmsmasters_column one_half\">\n<div class=\"cmsmasters_column_inner\"><div class=\"cmsmasters_text txt-block-cad\">\n<h4 style=\"padding: 15px 0;\">CAD cutting<\/h4>\n<p class=\"padding-right-100\" style=\"font-size: 16px; line-height: 26px;\">According to the product requirements, an exact digital cutting of the technical textiles is carried out with the automated cutter technology: products can be manufactured extremely precisely and in conformity with the quality. With our multifunctional program, we are able to implement the most diverse requirements of cutting techniques.<\/p>\n<p class=\"padding-right-100\" style=\"font-size: 16px; line-height: 26px;\">A cutting area of up to 3m x 3m and 2.70m x 3m allows even the largest constructions to be implemented clearly and precisely. The various cutting techniques with drawing or rolling knives, as well as with an oscillating knife, allow fabrics, coated fabrics, leather, PVC and Kevlar to be processed.<\/p>\n<\/div>\n<\/div><\/div>\n<div id=\"cmsmasters_column_izrzpyslmn\" class=\"cmsmasters_column one_half mansory-txt-holder-col\">\n<div class=\"cmsmasters_column_inner\"><\/div><\/div>\n<\/div>\n<\/div>\n<\/div>\n<\/div>\n<\/div>\n<div id=\"cmsmasters_row_8g6nbvod6c\" class=\"cmsmasters_row cmsmasters_color_scheme_default mansory-row-holder visibility-img-1024 cmsmasters_row_top_default cmsmasters_row_bot_default cmsmasters_row_fullwidth\">\n<div class=\"cmsmasters_row_outer_parent\">\n<div class=\"cmsmasters_row_outer\">\n<div class=\"cmsmasters_row_inner cmsmasters_row_fullwidth\">\n<div class=\"cmsmasters_row_margin\">\n<div id=\"cmsmasters_column_fslexzdgkm\" class=\"cmsmasters_column one_first mansory-txt-holder-col\">\n<div class=\"cmsmasters_column_inner\"><\/div><\/div>\n<\/div>\n<\/div>\n<\/div>\n<\/div>\n<\/div>\n<div id=\"cmsmasters_row_q36gm0j1z8\" class=\"cmsmasters_row cmsmasters_color_scheme_default mansory-row-holder visibility-txt-block-cad-1024 cmsmasters_row_top_default cmsmasters_row_bot_default cmsmasters_row_fullwidth\">\n<div class=\"cmsmasters_row_outer_parent\">\n<div class=\"cmsmasters_row_outer\">\n<div class=\"cmsmasters_row_inner cmsmasters_row_fullwidth\">\n<div class=\"cmsmasters_row_margin\">\n<div id=\"cmsmasters_column_ld6qsxtiqr\" class=\"cmsmasters_column one_first\">\n<div class=\"cmsmasters_column_inner\"><div class=\"cmsmasters_text txt-block-cad\">\n<h4 style=\"padding: 15px 0;\">CAD cutting<\/h4>\n<p class=\"padding-right-100\" style=\"font-size: 16px; line-height: 26px;\">According to the product requirements, an exact digital cutting of the technical textiles is carried out with the automated cutter technology: products can be manufactured extremely precisely and in conformity with the quality. With our multifunctional program, we are able to implement the most diverse requirements of cutting techniques.<\/p>\n<p class=\"padding-right-100\" style=\"font-size: 16px; line-height: 26px;\">A cutting area of up to 3m x 3m and 2.70m x 3m allows even the largest constructions to be implemented clearly and precisely. The various cutting techniques with drawing or rolling knives, as well as with an oscillating knife, allow fabrics, coated fabrics, leather, PVC and Kevlar to be processed.<\/p>\n<\/div>\n<\/div><\/div>\n<\/div>\n<\/div>\n<\/div>\n<\/div>\n<\/div>\n<div id=\"cmsmasters_row_2q6eba64pw\" class=\"cmsmasters_row cmsmasters_color_scheme_default mansory-row-holder visibility-all-other cmsmasters_row_top_default cmsmasters_row_bot_default cmsmasters_row_fullwidth\">\n<div class=\"cmsmasters_row_outer_parent\">\n<div class=\"cmsmasters_row_outer\">\n<div class=\"cmsmasters_row_inner cmsmasters_row_fullwidth\">\n<div class=\"cmsmasters_row_margin\">\n<div id=\"cmsmasters_column_hdx7m1bxb9\" class=\"cmsmasters_column one_half\">\n<div class=\"cmsmasters_column_inner\"><\/div><\/div>\n<div id=\"cmsmasters_column_in4b6uova\" class=\"cmsmasters_column one_half mansory-txt-holder-col\">\n<div class=\"cmsmasters_column_inner\"><div class=\"cmsmasters_text hfs-txt-block\">\n<h4 class=\"hfs-title\" style=\"padding: 15px 0;\">High frequency welding<\/h4>\n<p class=\"padding-right-100\" style=\"font-size: 16px; line-height: 26px;\">SKM also uses high-frequency welding to join coated materials: PVC fabrics can be welded quickly and efficiently in this way. Since the heat is generated in the material and the shaping welding electrodes are cold, rapid cooling under pressure is possible. This technique offers the following advantages:<\/p>\n<ul style=\"list-style-type: disc;\">\n<li class=\"list\" style=\"font-size: 16px; line-height: 24px;\">suitable for very thick materials<\/li>\n<li class=\"list\" style=\"font-size: 16px; line-height: 24px;\">very high seam strength (60-70%)<\/li>\n<li class=\"list\" style=\"font-size: 16px; line-height: 24px;\">best seam quality due to ideal temperature<br \/>\n<span class=\"align-li-item\">cooling under pressure<\/span><\/li>\n<li class=\"list\" style=\"font-size: 16px; line-height: 24px;\">three-dimensional welding possible<\/li>\n<li class=\"list\" style=\"font-size: 16px; line-height: 24px;\">low energy consumption<\/li>\n<li class=\"list\" style=\"font-size: 16px; line-height: 24px;\">tightness of the connection<\/li>\n<\/ul>\n<\/div>\n<\/div><\/div>\n<\/div>\n<\/div>\n<\/div>\n<\/div>\n<\/div>\n<div id=\"cmsmasters_row_qfjrcbjhyd\" class=\"cmsmasters_row cmsmasters_color_scheme_default mansory-row-holder visibility-img-hfs-1024 cmsmasters_row_top_default cmsmasters_row_bot_default cmsmasters_row_fullwidth\">\n<div class=\"cmsmasters_row_outer_parent\">\n<div class=\"cmsmasters_row_outer\">\n<div class=\"cmsmasters_row_inner cmsmasters_row_fullwidth\">\n<div class=\"cmsmasters_row_margin\">\n<div id=\"cmsmasters_column_5erk13l34f\" class=\"cmsmasters_column one_first\">\n<div class=\"cmsmasters_column_inner\"><\/div><\/div>\n<\/div>\n<\/div>\n<\/div>\n<\/div>\n<\/div>\n<div id=\"cmsmasters_row_bbhxf4r4ck\" class=\"cmsmasters_row cmsmasters_color_scheme_default mansory-row-holder visibility-txt-block-hfs-1024 cmsmasters_row_top_default cmsmasters_row_bot_default cmsmasters_row_fullwidth\">\n<div class=\"cmsmasters_row_outer_parent\">\n<div class=\"cmsmasters_row_outer\">\n<div class=\"cmsmasters_row_inner cmsmasters_row_fullwidth\">\n<div class=\"cmsmasters_row_margin\">\n<div id=\"cmsmasters_column_88015m7gr\" class=\"cmsmasters_column one_first\">\n<div class=\"cmsmasters_column_inner\"><div class=\"cmsmasters_text\">\n<h4 style=\"padding: 15px 0;\">High frequency welding<\/h4>\n<p class=\"padding-right-100\" style=\"font-size: 16px; line-height: 26px;\">SKM also uses high-frequency welding to join coated materials: PVC fabrics can be welded quickly and efficiently in this way. Since the heat is generated in the material and the shaping welding electrodes are cold, rapid cooling under pressure is possible. This technique offers the following advantages:<\/p>\n<ul style=\"list-style-type: disc;\">\n<li class=\"list\" style=\"font-size: 16px; line-height: 24px;\">suitable for very thick materials<\/li>\n<li class=\"list\" style=\"font-size: 16px; line-height: 24px;\">very high seam strength (60-70%)<\/li>\n<li class=\"list\" style=\"font-size: 16px; line-height: 24px;\">best seam quality due to ideal temperature<br \/>\n<span class=\"align-li-item\">cooling under pressure<\/span><\/li>\n<li class=\"list\" style=\"font-size: 16px; line-height: 24px;\">three-dimensional welding possible<\/li>\n<li class=\"list\" style=\"font-size: 16px; line-height: 24px;\">low energy consumption<\/li>\n<li class=\"list\" style=\"font-size: 16px; line-height: 24px;\">tightness of the connection<\/li>\n<\/ul>\n<\/div>\n<\/div><\/div>\n<\/div>\n<\/div>\n<\/div>\n<\/div>\n<\/div>\n<div id=\"cmsmasters_row_64j593su\" class=\"cmsmasters_row cmsmasters_color_scheme_default mansory-row-holder visibility-all-other cmsmasters_row_top_default cmsmasters_row_bot_default cmsmasters_row_fullwidth\">\n<div class=\"cmsmasters_row_outer_parent\">\n<div class=\"cmsmasters_row_outer\">\n<div class=\"cmsmasters_row_inner cmsmasters_row_fullwidth\">\n<div class=\"cmsmasters_row_margin\">\n<div id=\"cmsmasters_column_npyf08auee\" class=\"cmsmasters_column one_half img-holder-col-long-txt\">\n<div class=\"cmsmasters_column_inner\"><div class=\"cmsmasters_text txt-block-welding\">\n<h4 style=\"padding: 15px 0;\">Hot-wedge welding<\/h4>\n<p class=\"padding-right-100\" style=\"font-size: 16px; line-height: 26px;\">In our plants, we also use the efficient hot-wedge welding technology: In addition to long areas, it can be used to precisely produce complicated curves and shapes in particular.<\/p>\n<p class=\"padding-right-100\" style=\"font-size: 16px; line-height: 26px;\">Together with high-frequency welding technology, SKM offers customers a wide variety of welding techniques for technical textiles.<\/p>\n<\/div>\n<\/div><\/div>\n<div id=\"cmsmasters_column_167oeneovl\" class=\"cmsmasters_column one_half mansory-txt-holder-col\">\n<div class=\"cmsmasters_column_inner\"><\/div><\/div>\n<\/div>\n<\/div>\n<\/div>\n<\/div>\n<\/div>\n<div id=\"cmsmasters_row_lgkgtr0ui\" class=\"cmsmasters_row cmsmasters_color_scheme_default mansory-row-holder visibility-img-hks-1024  cmsmasters_row_top_default cmsmasters_row_bot_default cmsmasters_row_fullwidth\">\n<div class=\"cmsmasters_row_outer_parent\">\n<div class=\"cmsmasters_row_outer\">\n<div class=\"cmsmasters_row_inner cmsmasters_row_fullwidth\">\n<div class=\"cmsmasters_row_margin\">\n<div id=\"cmsmasters_column_tygl3u30j\" class=\"cmsmasters_column one_first mansory-txt-holder-col\">\n<div class=\"cmsmasters_column_inner\"><\/div><\/div>\n<\/div>\n<\/div>\n<\/div>\n<\/div>\n<\/div>\n<div id=\"cmsmasters_row_ul92fv4qo7\" class=\"cmsmasters_row cmsmasters_color_scheme_default mansory-row-holder visibility-txt-block-hks-1024 cmsmasters_row_top_default cmsmasters_row_bot_default cmsmasters_row_fullwidth\">\n<div class=\"cmsmasters_row_outer_parent\">\n<div class=\"cmsmasters_row_outer\">\n<div class=\"cmsmasters_row_inner cmsmasters_row_fullwidth\">\n<div class=\"cmsmasters_row_margin\">\n<div id=\"cmsmasters_column_h1va3om26v\" class=\"cmsmasters_column one_first img-holder-col-long-txt\">\n<div class=\"cmsmasters_column_inner\"><div class=\"cmsmasters_text txt-block-welding\">\n<h4 style=\"padding: 15px 0;\">Hot-wedge welding<\/h4>\n<p class=\"padding-right-100\" style=\"font-size: 16px; line-height: 26px;\">In unseren Werken verwenden wir zus\u00e4tzlich die effiziente Heizkeiltechnik: Neben langen Bahnen k\u00f6nnen bietet sie vor allem den Vorteil komplizierte Rundungen und Formen pr\u00e4zise anzufertigen.<\/p>\n<p class=\"padding-right-100\" style=\"font-size: 16px; line-height: 26px;\">Together with high-frequency welding technology, SKM offers customers a wide variety of welding techniques for technical textiles.<\/p>\n<\/div>\n<\/div><\/div>\n<\/div>\n<\/div>\n<\/div>\n<\/div>\n<\/div>\n<div id=\"cmsmasters_row_3a7y4uin5b\" class=\"cmsmasters_row cmsmasters_color_scheme_default mansory-row-holder visibility-all-other cmsmasters_row_top_default cmsmasters_row_bot_default cmsmasters_row_fullwidth\">\n<div class=\"cmsmasters_row_outer_parent\">\n<div class=\"cmsmasters_row_outer\">\n<div class=\"cmsmasters_row_inner cmsmasters_row_fullwidth\">\n<div class=\"cmsmasters_row_margin\">\n<div id=\"cmsmasters_column_q78gean9so\" class=\"cmsmasters_column one_half mansory-txt-holder-col\">\n<div class=\"cmsmasters_column_inner\"><\/div><\/div>\n<div id=\"cmsmasters_column_c9e03597ta\" class=\"cmsmasters_column one_half\">\n<div class=\"cmsmasters_column_inner\"><div class=\"cmsmasters_text txt-block-textile\">\n<h4 style=\"padding: 15px 0;\">Textile sewing technology<\/h4>\n<p class=\"padding-right-100\" style=\"font-size: 16px; line-height: 26px;\">When processing textiles and tarpaulins, we use a wide variety of manufacturing processes in textile sewing processing. From simple fine sewing machines to binding machines and overlock machines to industrial machines, we have a large machine park and are guided by the requirements for the respective product. There are hardly any limits to our choice of materials:<\/p>\n<p class=\"padding-right-100\" style=\"font-size: 16px; line-height: 26px;\">We process differently coated materials and fabrics, and we are also familiar with additional finishes such as punching and sneezing. Our end products are, for example, bags, covers, masks and special designs in a wide variety of areas.<\/p>\n<\/div>\n<\/div><\/div>\n<\/div>\n<\/div>\n<\/div>\n<\/div>\n<\/div>\n<div id=\"cmsmasters_row_kglffq8iar\" class=\"cmsmasters_row cmsmasters_color_scheme_default mansory-row-holder visibility-img-tnt-1024 cmsmasters_row_top_default cmsmasters_row_bot_default cmsmasters_row_fullwidth\">\n<div class=\"cmsmasters_row_outer_parent\">\n<div class=\"cmsmasters_row_outer\">\n<div class=\"cmsmasters_row_inner cmsmasters_row_fullwidth\">\n<div class=\"cmsmasters_row_margin\">\n<div id=\"cmsmasters_column_rwmik4gkdf\" class=\"cmsmasters_column one_first mansory-txt-holder-col\">\n<div class=\"cmsmasters_column_inner\"><\/div><\/div>\n<\/div>\n<\/div>\n<\/div>\n<\/div>\n<\/div>\n<div id=\"cmsmasters_row_09cnpzliui\" class=\"cmsmasters_row cmsmasters_color_scheme_default mansory-row-holder visibility-txt-block-tnt-1024 cmsmasters_row_top_default cmsmasters_row_bot_default cmsmasters_row_fullwidth\">\n<div class=\"cmsmasters_row_outer_parent\">\n<div class=\"cmsmasters_row_outer\">\n<div class=\"cmsmasters_row_inner cmsmasters_row_fullwidth\">\n<div class=\"cmsmasters_row_margin\">\n<div id=\"cmsmasters_column_52ztt1fkyg\" class=\"cmsmasters_column one_first\">\n<div class=\"cmsmasters_column_inner\"><div class=\"cmsmasters_text txt-block-textile\">\n<h4 style=\"padding: 15px 0;\">Textile sewing technology<\/h4>\n<p class=\"padding-right-100\" style=\"font-size: 16px; line-height: 26px;\">When processing textiles and tarpaulins, we use a wide variety of manufacturing processes in textile sewing processing. From simple fine sewing machines to binding machines and overlock machines to industrial machines, we have a large machine park and are guided by the requirements for the respective product. There are hardly any limits to our choice of materials:<\/p>\n<p class=\"padding-right-100\" style=\"font-size: 16px; line-height: 26px;\">We process differently coated materials and fabrics, and we are also familiar with additional finishes such as punching and sneezing. Our end products are, for example, bags, covers, masks and special designs in a wide variety of areas.<\/p>\n<\/div>\n<\/div><\/div>\n<\/div>\n<\/div>\n<\/div>\n<\/div>\n<\/div>\n<div id=\"cmsmasters_row_4xs8rroeq\" class=\"cmsmasters_row cmsmasters_color_scheme_default mansory-row-holder visibility-all-other cmsmasters_row_top_default cmsmasters_row_bot_default cmsmasters_row_fullwidth\">\n<div class=\"cmsmasters_row_outer_parent\">\n<div class=\"cmsmasters_row_outer\">\n<div class=\"cmsmasters_row_inner cmsmasters_row_fullwidth\">\n<div class=\"cmsmasters_row_margin\">\n<div id=\"cmsmasters_column_iougfcviue\" class=\"cmsmasters_column one_half mansory-txt-holder-col\">\n<div class=\"cmsmasters_column_inner\"><div class=\"cmsmasters_text txt-block-print\">\n<h4 style=\"padding: 15px 0;\">Gluing and printing<\/h4>\n<p class=\"padding-right-100\" style=\"font-size: 16px; line-height: 26px;\">In addition to the joining techniques mentioned, SKM can glue technical textiles and digitally print on large areas. <a href=\"\/en\/digitaldruck\/\"> Digital printing<\/a><\/p>\n<\/div>\n<\/div><\/div>\n<div id=\"cmsmasters_column_d1za5i3uhu\" class=\"cmsmasters_column one_half img-holder-col-long-txt\">\n<div class=\"cmsmasters_column_inner\"><\/div><\/div>\n<\/div>\n<\/div>\n<\/div>\n<\/div>\n<\/div>\n<div id=\"cmsmasters_row_3fhpik5m8o\" class=\"cmsmasters_row cmsmasters_color_scheme_default mansory-row-holder visibility-img-kd-1024 cmsmasters_row_top_default cmsmasters_row_bot_default cmsmasters_row_fullwidth\">\n<div class=\"cmsmasters_row_outer_parent\">\n<div class=\"cmsmasters_row_outer\">\n<div class=\"cmsmasters_row_inner cmsmasters_row_fullwidth\">\n<div class=\"cmsmasters_row_margin\">\n<div id=\"cmsmasters_column_438659vgn4\" class=\"cmsmasters_column one_first img-holder-col-long-txt\">\n<div class=\"cmsmasters_column_inner\"><\/div><\/div>\n<\/div>\n<\/div>\n<\/div>\n<\/div>\n<\/div>\n<div id=\"cmsmasters_row_e0d5wkph4f\" class=\"cmsmasters_row cmsmasters_color_scheme_default mansory-row-holder visibility-txt-block-kd-1024 cmsmasters_row_top_default cmsmasters_row_bot_default cmsmasters_row_fullwidth\">\n<div class=\"cmsmasters_row_outer_parent\">\n<div class=\"cmsmasters_row_outer\">\n<div class=\"cmsmasters_row_inner cmsmasters_row_fullwidth\">\n<div class=\"cmsmasters_row_margin\">\n<div id=\"cmsmasters_column_ii649xc14p\" class=\"cmsmasters_column one_first mansory-txt-holder-col\">\n<div class=\"cmsmasters_column_inner\"><div class=\"cmsmasters_text txt-block-print\">\n<h4 style=\"padding: 15px 0;\">Gluing and printing<\/h4>\n<p class=\"padding-right-100\" style=\"font-size: 16px; line-height: 26px;\">In addition to the joining techniques mentioned, SKM can glue technical textiles and digitally print on large areas. <a href=\"\/en\/digitaldruck\/\"> Digital printing<\/a><\/p>\n<\/div>\n<\/div><\/div>\n<\/div>\n<\/div>\n<\/div>\n<\/div>\n<\/div>\n<div id=\"cmsmasters_row_u6o5cgisn\" class=\"cmsmasters_row cmsmasters_color_scheme_default cmsmasters_row_top_default cmsmasters_row_bot_default cmsmasters_row_fullwidth\">\n<div class=\"cmsmasters_row_outer_parent\">\n<div class=\"cmsmasters_row_outer\">\n<div class=\"cmsmasters_row_inner cmsmasters_row_fullwidth\">\n<div class=\"cmsmasters_row_margin\">\n<div id=\"cmsmasters_column_emv338rv4\" class=\"cmsmasters_column one_first\">\n<div class=\"cmsmasters_column_inner\">\n<div id=\"cmsmasters_divider_b6lv90wln8\" class=\"cmsmasters_divider cmsmasters_divider_width_long cmsmasters_divider_pos_center\"><\/div>\n<\/div><\/div>\n<\/div>\n<\/div>\n<\/div>\n<\/div>\n<\/div>\n<div id=\"cmsmasters_row_wcarps62uo\" class=\"cmsmasters_row cmsmasters_color_scheme_default cmsmasters_row_top_default cmsmasters_row_bot_default cmsmasters_row_fullwidth\">\n<div class=\"cmsmasters_row_outer_parent\">\n<div class=\"cmsmasters_row_outer\">\n<div class=\"cmsmasters_row_inner cmsmasters_row_fullwidth\">\n<div class=\"cmsmasters_row_margin\">\n<div id=\"cmsmasters_column_em7hv5646\" class=\"cmsmasters_column one_third\">\n<div class=\"cmsmasters_column_inner\"><div class=\"cmsmasters_text\">\n<p class=\"tile-over-headline-align\">Go to<\/p>\n<\/div>\n<div id=\"cmsmasters_fb_yccjw12p9\" class=\"cmsmasters_featured_block hover-links\">\n<a href=\"\/en\/metallverarbeitung\/\" class=\"featured_block_link\"><\/a><div class=\"featured_block_inner\">\n<div class=\"featured_block_text\">\n<div id=\"cmsmasters_icon_textil-icon\" class=\"cmsmasters_icon_wrap\"><span class=\"cmsmasters_simple_icon cmsmasters-icon-right-open\"><\/span><span class=\"cmsmasters_simple_icon_title\"><\/span><\/div>\n<div class=\"cmsmasters_text\">\n<div class=\"link-txt-textil\">Metal Processing<\/div>\n<\/div>\n\n<\/div>\n<\/div>\n<\/div>\n<\/div><\/div>\n<div id=\"cmsmasters_column_mbk252g6m\" class=\"cmsmasters_column one_third col-lnk-align-middle\">\n<div class=\"cmsmasters_column_inner\"><div id=\"cmsmasters_fb_7jwzlbzsf\" class=\"cmsmasters_featured_block links-without-title hover-links\">\n<a href=\"\/en\/kunststoffverarbeitung-leichtbau\/\" class=\"featured_block_link\"><\/a><div class=\"featured_block_inner\">\n<div class=\"featured_block_text\">\n<div id=\"cmsmasters_icon_yyjbpb789\" class=\"cmsmasters_icon_wrap\"><span class=\"cmsmasters_simple_icon cmsmasters-icon-right-open\"><\/span><span class=\"cmsmasters_simple_icon_title\"><\/span><\/div>\n<div class=\"cmsmasters_text\">\n<div class=\"link-txt-textil\">Plastic processing &amp; lightweight construction<\/div>\n<\/div>\n\n<\/div>\n<\/div>\n<\/div>\n<\/div><\/div>\n<div id=\"cmsmasters_column_fk5riclrjh\" class=\"cmsmasters_column one_third col-lnk-align-right\">\n<div class=\"cmsmasters_column_inner\"><div id=\"cmsmasters_fb_yoa6zyvsyn\" class=\"cmsmasters_featured_block links-without-title hover-links\">\n<a href=\"\/en\/digitaldruck\/\" class=\"featured_block_link\"><\/a><div class=\"featured_block_inner\">\n<div class=\"featured_block_text\">\n<div id=\"cmsmasters_icon_fvvqs7285q\" class=\"cmsmasters_icon_wrap\"><span class=\"cmsmasters_simple_icon cmsmasters-icon-right-open\"><\/span><span class=\"cmsmasters_simple_icon_title\"><\/span><\/div>\n<div class=\"cmsmasters_text\">\n<div class=\"link-txt-textil\">Digital printing<\/div>\n<\/div>\n\n<\/div>\n<\/div>\n<\/div>\n<\/div><\/div>\n<\/div>\n<\/div>\n<\/div>\n<\/div>\n<\/div>\n<div id=\"cmsmasters_row_ro050v0r6c\" class=\"cmsmasters_row cmsmasters_color_scheme_default cmsmasters_row_top_default cmsmasters_row_bot_default cmsmasters_row_fullwidth\">\n<div class=\"cmsmasters_row_outer_parent\">\n<div class=\"cmsmasters_row_outer\">\n<div class=\"cmsmasters_row_inner cmsmasters_row_fullwidth\">\n<div class=\"cmsmasters_row_margin\">\n<div id=\"cmsmasters_column_om6z969hp\" class=\"cmsmasters_column one_first\">\n<div class=\"cmsmasters_column_inner\"><p><\/p>\n<\/div><\/div>\n<\/div>\n<\/div>\n<\/div>\n<\/div>\n<\/div>","protected":false},"excerpt":{"rendered":"","protected":false},"author":1,"featured_media":0,"parent":0,"menu_order":0,"comment_status":"closed","ping_status":"closed","template":"","meta":{"footnotes":""},"class_list":["post-458","page","type-page","status-publish","hentry"],"_links":{"self":[{"href":"https:\/\/skm-moers.com\/en\/wp-json\/wp\/v2\/pages\/458","targetHints":{"allow":["GET"]}}],"collection":[{"href":"https:\/\/skm-moers.com\/en\/wp-json\/wp\/v2\/pages"}],"about":[{"href":"https:\/\/skm-moers.com\/en\/wp-json\/wp\/v2\/types\/page"}],"author":[{"embeddable":true,"href":"https:\/\/skm-moers.com\/en\/wp-json\/wp\/v2\/users\/1"}],"replies":[{"embeddable":true,"href":"https:\/\/skm-moers.com\/en\/wp-json\/wp\/v2\/comments?post=458"}],"version-history":[{"count":0,"href":"https:\/\/skm-moers.com\/en\/wp-json\/wp\/v2\/pages\/458\/revisions"}],"wp:attachment":[{"href":"https:\/\/skm-moers.com\/en\/wp-json\/wp\/v2\/media?parent=458"}],"curies":[{"name":"wp","href":"https:\/\/api.w.org\/{rel}","templated":true}]}}