{"id":410,"date":"2021-09-07T14:59:27","date_gmt":"2021-09-07T14:59:27","guid":{"rendered":"https:\/\/skm-moers.com\/?page_id=410"},"modified":"2025-01-16T10:51:19","modified_gmt":"2025-01-16T10:51:19","slug":"schutzequipment-schutzzubehoer","status":"publish","type":"page","link":"https:\/\/skm-moers.com\/en\/schutzequipment-schutzzubehoer\/","title":{"rendered":"Safety equipment and protection accessories"},"content":{"rendered":"<div id=\"cmsmasters_row_\" class=\"cmsmasters_row cmsmasters_color_scheme_default cmsmasters_row_top_default cmsmasters_row_bot_default cmsmasters_row_fullwidth\">\n<div id=\"header-img\" class=\"cmsmasters_row_outer_parent\">\n<div class=\"cmsmasters_row_outer\">\n<div class=\"cmsmasters_row_inner cmsmasters_row_fullwidth\">\n<div class=\"cmsmasters_row_margin\">\n<div id=\"cmsmasters_column_\" class=\"cmsmasters_column one_first header-img-col\">\n<div class=\"cmsmasters_column_inner\"><div class=\"cmsmasters_text\">\n<p><\/p>\n<\/div>\n<\/div><\/div>\n<\/div>\n<\/div>\n<\/div>\n<\/div>\n<\/div>\n<div id=\"cmsmasters_row_poghep6swh\" class=\"cmsmasters_row cmsmasters_color_scheme_default headline-txtbox-align cmsmasters_row_top_default cmsmasters_row_bot_default cmsmasters_row_fullwidth\">\n<div class=\"cmsmasters_row_outer_parent\">\n<div class=\"cmsmasters_row_outer\">\n<div class=\"cmsmasters_row_inner cmsmasters_row_fullwidth\">\n<div class=\"cmsmasters_row_margin\">\n<div id=\"cmsmasters_column_rzo5bmlnsa\" class=\"cmsmasters_column one_first headline-box-col\">\n<div class=\"cmsmasters_column_inner\"><div id=\"cmsmasters_heading_bwgigrtcvs\" class=\"cmsmasters_heading_wrap cmsmasters_heading_align_left\">\n\t<h1 class=\"cmsmasters_heading\">Sicherheitsequipment und Schutzzubeh\u00f6r<\/h1>\n<\/div><div class=\"cmsmasters_text sub-heading\">\n<p style=\"padding-top: 25px; color: #fff; line-height: 26px;\">Die SKM Firmengruppe ist Ihr Partner f\u00fcr den Bereich Sicherheit- und Schutzzubeh\u00f6r. Durch unser gutes und langj\u00e4hriges Lieferantennetzwerk verf\u00fcgen wir \u00fcber zertifizierte Sicherheitsartikel oder fertigen diese in unseren Produktionsst\u00e4tten direkt an.<\/p>\n<\/div>\n<\/div><\/div>\n<\/div>\n<\/div>\n<\/div>\n<\/div>\n<\/div>\n<div id=\"cmsmasters_row_lt5pdtdv35\" class=\"cmsmasters_row cmsmasters_color_scheme_default cmsmasters_row_top_default cmsmasters_row_bot_default cmsmasters_row_fullwidth\">\n<div class=\"cmsmasters_row_outer_parent\">\n<div class=\"cmsmasters_row_outer\">\n<div class=\"cmsmasters_row_inner cmsmasters_row_fullwidth\">\n<div class=\"cmsmasters_row_margin\">\n<div id=\"cmsmasters_column_hhwf70tdhi\" class=\"cmsmasters_column one_first\">\n<div class=\"cmsmasters_column_inner\"><div class=\"cmsmasters_text\">\n<h2 style=\"margin: 0 0 10px;\">Sicherheitsequipment<\/h2>\n<\/div>\n<\/div><\/div>\n<\/div>\n<\/div>\n<\/div>\n<\/div>\n<\/div>\n<div id=\"cmsmasters_row_e92o38itz\" class=\"cmsmasters_row cmsmasters_color_scheme_default cmsmasters_row_top_default cmsmasters_row_bot_default cmsmasters_row_fullwidth\">\n<div class=\"cmsmasters_row_outer_parent\">\n<div class=\"cmsmasters_row_outer\">\n<div class=\"cmsmasters_row_inner cmsmasters_row_fullwidth\">\n<div class=\"cmsmasters_row_margin\">\n<div id=\"cmsmasters_column_pf5aqv9kkt\" class=\"cmsmasters_column one_first\">\n<div class=\"cmsmasters_column_inner\">\n<div class=\"cmsmasters_posts_slider project no-link\" >\r\n\t\t<div id=\"cmsmasters_slider_n4n1gdtz9h\" class=\"cmsmasters_owl_slider owl-carousel\" data-items=\"4\" data-single-item=\"false\" data-auto-play=\"5000\"><div class=\"cmsmasters_owl_slider_item\"><!-- Start Posts Slider Project Article -->\r\n<article id=\"post-415\" class=\"cmsmasters_slider_project post-415 project type-project status-publish format-standard has-post-thumbnail hentry pj-categs-sicherheitsequipment\">\r\n\t<div class=\"cmsmasters_slider_project_outer\">\r\n\t<figure class=\"cmsmasters_img_rollover_wrap preloader\"><img loading=\"lazy\" decoding=\"async\" width=\"300\" height=\"400\" src=\"https:\/\/skm-moers.com\/wp-content\/uploads\/2021\/09\/Warnweste@2x.png\" class=\"full-width wp-post-image\" alt=\"Warnweste\" title=\"Warnweste\" srcset=\"https:\/\/skm-moers.com\/wp-content\/uploads\/2021\/09\/Warnweste@2x.png 300w, https:\/\/skm-moers.com\/wp-content\/uploads\/2021\/09\/Warnweste@2x-225x300.png 225w\" sizes=\"auto, (max-width: 300px) 100vw, 300px\" \/><div class=\"cmsmasters_img_rollover noroll\"><a href=\"https:\/\/skm-moers.com\/en\/project\/warnweste\/\" title=\"Warnweste\" class=\"cmsmasters_open_link\"><\/a><\/div><\/figure>\t<\/div>\r\n<\/article>\r\n<!-- Finish Posts Slider Project Article -->\r\n\r\n<\/div><div class=\"cmsmasters_owl_slider_item\"><!-- Start Posts Slider Project Article -->\r\n<article id=\"post-421\" class=\"cmsmasters_slider_project post-421 project type-project status-publish format-standard has-post-thumbnail hentry pj-categs-sicherheitsequipment\">\r\n\t<div class=\"cmsmasters_slider_project_outer\">\r\n\t<figure class=\"cmsmasters_img_rollover_wrap preloader\"><img loading=\"lazy\" decoding=\"async\" width=\"300\" height=\"400\" src=\"https:\/\/skm-moers.com\/wp-content\/uploads\/2021\/09\/Taschenlampe@2x.png\" class=\"full-width wp-post-image\" alt=\"Taschenlampe\" title=\"Taschenlampe\" srcset=\"https:\/\/skm-moers.com\/wp-content\/uploads\/2021\/09\/Taschenlampe@2x.png 300w, https:\/\/skm-moers.com\/wp-content\/uploads\/2021\/09\/Taschenlampe@2x-225x300.png 225w\" sizes=\"auto, (max-width: 300px) 100vw, 300px\" \/><div class=\"cmsmasters_img_rollover noroll\"><a href=\"https:\/\/skm-moers.com\/en\/project\/taschenlampe\/\" title=\"Taschenlampe\" class=\"cmsmasters_open_link\"><\/a><\/div><\/figure>\t<\/div>\r\n<\/article>\r\n<!-- Finish Posts Slider Project Article -->\r\n\r\n<\/div><div class=\"cmsmasters_owl_slider_item\"><!-- Start Posts Slider Project Article -->\r\n<article id=\"post-422\" class=\"cmsmasters_slider_project post-422 project type-project status-publish format-standard has-post-thumbnail hentry pj-categs-sicherheitsequipment\">\r\n\t<div class=\"cmsmasters_slider_project_outer\">\r\n\t<figure class=\"cmsmasters_img_rollover_wrap preloader\"><img loading=\"lazy\" decoding=\"async\" width=\"300\" height=\"400\" src=\"https:\/\/skm-moers.com\/wp-content\/uploads\/2021\/09\/Kopfleuchte@2x.png\" class=\"full-width wp-post-image\" alt=\"Kopfleuchte\" title=\"Kopfleuchte\" srcset=\"https:\/\/skm-moers.com\/wp-content\/uploads\/2021\/09\/Kopfleuchte@2x.png 300w, https:\/\/skm-moers.com\/wp-content\/uploads\/2021\/09\/Kopfleuchte@2x-225x300.png 225w\" sizes=\"auto, (max-width: 300px) 100vw, 300px\" \/><div class=\"cmsmasters_img_rollover noroll\"><a href=\"https:\/\/skm-moers.com\/en\/project\/kopfleuchte\/\" title=\"Kopfleuchte\" class=\"cmsmasters_open_link\"><\/a><\/div><\/figure>\t<\/div>\r\n<\/article>\r\n<!-- Finish Posts Slider Project Article -->\r\n\r\n<\/div><div class=\"cmsmasters_owl_slider_item\"><!-- Start Posts Slider Project Article -->\r\n<article id=\"post-423\" class=\"cmsmasters_slider_project post-423 project type-project status-publish format-standard has-post-thumbnail hentry pj-categs-sicherheitsequipment\">\r\n\t<div class=\"cmsmasters_slider_project_outer\">\r\n\t<figure class=\"cmsmasters_img_rollover_wrap preloader\"><img loading=\"lazy\" decoding=\"async\" width=\"300\" height=\"400\" src=\"https:\/\/skm-moers.com\/wp-content\/uploads\/2021\/09\/Armbinde@2x.png\" class=\"full-width wp-post-image\" alt=\"Armbinde\" title=\"Armbinde\" srcset=\"https:\/\/skm-moers.com\/wp-content\/uploads\/2021\/09\/Armbinde@2x.png 300w, https:\/\/skm-moers.com\/wp-content\/uploads\/2021\/09\/Armbinde@2x-225x300.png 225w\" sizes=\"auto, (max-width: 300px) 100vw, 300px\" \/><div class=\"cmsmasters_img_rollover noroll\"><a href=\"https:\/\/skm-moers.com\/en\/project\/armbinde\/\" title=\"Armbinde\" class=\"cmsmasters_open_link\"><\/a><\/div><\/figure>\t<\/div>\r\n<\/article>\r\n<!-- Finish Posts Slider Project Article -->\r\n\r\n<\/div><\/div><\/div>\n<\/div><\/div>\n<\/div>\n<\/div>\n<\/div>\n<\/div>\n<\/div>\n<div id=\"cmsmasters_row_l9obs6yvxs\" class=\"cmsmasters_row cmsmasters_color_scheme_default cmsmasters_row_top_default cmsmasters_row_bot_default cmsmasters_row_fullwidth\">\n<div class=\"cmsmasters_row_outer_parent\">\n<div class=\"cmsmasters_row_outer\">\n<div class=\"cmsmasters_row_inner cmsmasters_row_fullwidth\">\n<div class=\"cmsmasters_row_margin\">\n<div id=\"cmsmasters_column_hhjqz20ync\" class=\"cmsmasters_column one_first\">\n<div class=\"cmsmasters_column_inner\"><div class=\"cmsmasters_text\">\n<h2 style=\"margin: 0 0 10px;\">SKM Care Schutzzubeh\u00f6r<\/h2>\n<\/div>\n<\/div><\/div>\n<\/div>\n<\/div>\n<\/div>\n<\/div>\n<\/div>\n<div id=\"cmsmasters_row_mqmwam0e47\" class=\"cmsmasters_row cmsmasters_color_scheme_default cmsmasters_row_top_default cmsmasters_row_bot_default cmsmasters_row_fullwidth\">\n<div class=\"cmsmasters_row_outer_parent\">\n<div class=\"cmsmasters_row_outer\">\n<div class=\"cmsmasters_row_inner cmsmasters_row_fullwidth\">\n<div class=\"cmsmasters_row_margin\">\n<div id=\"cmsmasters_column_1k64k6mmjk\" class=\"cmsmasters_column one_first\">\n<div class=\"cmsmasters_column_inner\"><div class=\"cmsmasters_text\">\n<h3 style=\"margin: 0 0 10px; font-weight: 400;\">Trennw\u00e4nde<\/h3>\n<\/div>\n<\/div><\/div>\n<\/div>\n<\/div>\n<\/div>\n<\/div>\n<\/div>\n<div id=\"cmsmasters_row_u4xux125wn\" class=\"cmsmasters_row cmsmasters_color_scheme_default cmsmasters_row_top_default cmsmasters_row_bot_default cmsmasters_row_fullwidth\">\n<div class=\"cmsmasters_row_outer_parent\">\n<div class=\"cmsmasters_row_outer\">\n<div class=\"cmsmasters_row_inner cmsmasters_row_fullwidth\">\n<div class=\"cmsmasters_row_margin\">\n<div id=\"cmsmasters_column_gq78q6brz\" class=\"cmsmasters_column one_first\">\n<div class=\"cmsmasters_column_inner\">\n<div class=\"cmsmasters_posts_slider project no-link\" >\r\n\t\t<div id=\"cmsmasters_slider_xab4ypodnb\" class=\"cmsmasters_owl_slider owl-carousel\" data-items=\"4\" data-single-item=\"false\" data-auto-play=\"5000\"><div class=\"cmsmasters_owl_slider_item\"><!-- Start Posts Slider Project Article -->\r\n<article id=\"post-437\" class=\"cmsmasters_slider_project post-437 project type-project status-publish format-standard has-post-thumbnail hentry pj-categs-trennwand\">\r\n\t<div class=\"cmsmasters_slider_project_outer\">\r\n\t<figure class=\"cmsmasters_img_rollover_wrap preloader\"><img loading=\"lazy\" decoding=\"async\" width=\"300\" height=\"400\" src=\"https:\/\/skm-moers.com\/wp-content\/uploads\/2021\/09\/Tischtrenner@2x.png\" class=\"full-width wp-post-image\" alt=\"Tischtrenner\" title=\"Tischtrenner\" srcset=\"https:\/\/skm-moers.com\/wp-content\/uploads\/2021\/09\/Tischtrenner@2x.png 300w, https:\/\/skm-moers.com\/wp-content\/uploads\/2021\/09\/Tischtrenner@2x-225x300.png 225w\" sizes=\"auto, (max-width: 300px) 100vw, 300px\" \/><div class=\"cmsmasters_img_rollover noroll\"><a href=\"https:\/\/skm-moers.com\/en\/project\/tischtrenner\/\" title=\"Tischtrenner\" class=\"cmsmasters_open_link\"><\/a><\/div><\/figure>\t<\/div>\r\n<\/article>\r\n<!-- Finish Posts Slider Project Article -->\r\n\r\n<\/div><div class=\"cmsmasters_owl_slider_item\"><!-- Start Posts Slider Project Article -->\r\n<article id=\"post-436\" class=\"cmsmasters_slider_project post-436 project type-project status-publish format-standard has-post-thumbnail hentry pj-categs-trennwand\">\r\n\t<div class=\"cmsmasters_slider_project_outer\">\r\n\t<figure class=\"cmsmasters_img_rollover_wrap preloader\"><img loading=\"lazy\" decoding=\"async\" width=\"300\" height=\"400\" src=\"https:\/\/skm-moers.com\/wp-content\/uploads\/2021\/09\/Schutzaufsteller-fuer-den-Tresen@2x.png\" class=\"full-width wp-post-image\" alt=\"Tischtrenner &#8211; Wand\" title=\"Schutzaufsteller f\u00fcr den Tresen\" srcset=\"https:\/\/skm-moers.com\/wp-content\/uploads\/2021\/09\/Schutzaufsteller-fuer-den-Tresen@2x.png 300w, https:\/\/skm-moers.com\/wp-content\/uploads\/2021\/09\/Schutzaufsteller-fuer-den-Tresen@2x-225x300.png 225w\" sizes=\"auto, (max-width: 300px) 100vw, 300px\" \/><div class=\"cmsmasters_img_rollover noroll\"><a href=\"https:\/\/skm-moers.com\/en\/project\/tischtrenner-wand\/\" title=\"Tischtrenner &#8211; Wand\" class=\"cmsmasters_open_link\"><\/a><\/div><\/figure>\t<\/div>\r\n<\/article>\r\n<!-- Finish Posts Slider Project Article -->\r\n\r\n<\/div><div class=\"cmsmasters_owl_slider_item\"><!-- Start Posts Slider Project Article -->\r\n<article id=\"post-429\" class=\"cmsmasters_slider_project post-429 project type-project status-publish format-standard has-post-thumbnail hentry pj-categs-trennwand\">\r\n\t<div class=\"cmsmasters_slider_project_outer\">\r\n\t<figure class=\"cmsmasters_img_rollover_wrap preloader\"><img loading=\"lazy\" decoding=\"async\" width=\"300\" height=\"400\" src=\"https:\/\/skm-moers.com\/wp-content\/uploads\/2021\/09\/Trennwandsystem@2x.png\" class=\"full-width wp-post-image\" alt=\"Trennwandsystem\" title=\"Trennwandsystem\" srcset=\"https:\/\/skm-moers.com\/wp-content\/uploads\/2021\/09\/Trennwandsystem@2x.png 300w, https:\/\/skm-moers.com\/wp-content\/uploads\/2021\/09\/Trennwandsystem@2x-225x300.png 225w\" sizes=\"auto, (max-width: 300px) 100vw, 300px\" \/><div class=\"cmsmasters_img_rollover noroll\"><a href=\"https:\/\/skm-moers.com\/en\/project\/trennwandsystem\/\" title=\"Trennwandsystem\" class=\"cmsmasters_open_link\"><\/a><\/div><\/figure>\t<\/div>\r\n<\/article>\r\n<!-- Finish Posts Slider Project Article -->\r\n\r\n<\/div><div class=\"cmsmasters_owl_slider_item\"><!-- Start Posts Slider Project Article -->\r\n<article id=\"post-225\" class=\"cmsmasters_slider_project post-225 project type-project status-publish format-standard has-post-thumbnail hentry pj-categs-aufsteller-und-passantenstopper pj-categs-trennwand\">\r\n\t<div class=\"cmsmasters_slider_project_outer\">\r\n\t<figure class=\"cmsmasters_img_rollover_wrap preloader\"><img loading=\"lazy\" decoding=\"async\" width=\"300\" height=\"400\" src=\"https:\/\/skm-moers.com\/wp-content\/uploads\/2021\/09\/Acrylglas-Aufsteller-fuer-den-Tresen@2x.png\" class=\"full-width wp-post-image\" alt=\"Acrylglas Aufsteller f\u00fcr den Tresen\" title=\"Acrylglas Aufsteller f\u00fcr den Tresen\" srcset=\"https:\/\/skm-moers.com\/wp-content\/uploads\/2021\/09\/Acrylglas-Aufsteller-fuer-den-Tresen@2x.png 300w, https:\/\/skm-moers.com\/wp-content\/uploads\/2021\/09\/Acrylglas-Aufsteller-fuer-den-Tresen@2x-225x300.png 225w\" sizes=\"auto, (max-width: 300px) 100vw, 300px\" \/><div class=\"cmsmasters_img_rollover noroll\"><a href=\"https:\/\/skm-moers.com\/en\/project\/acrylglas-aufsteller-fuer-den-tresen\/\" title=\"Acrylglas Aufsteller f\u00fcr den Tresen\" class=\"cmsmasters_open_link\"><\/a><\/div><\/figure>\t<\/div>\r\n<\/article>\r\n<!-- Finish Posts Slider Project Article -->\r\n\r\n<\/div><div class=\"cmsmasters_owl_slider_item\"><!-- Start Posts Slider Project Article -->\r\n<article id=\"post-224\" class=\"cmsmasters_slider_project post-224 project type-project status-publish format-standard has-post-thumbnail hentry pj-categs-aufsteller-und-passantenstopper pj-categs-trennwand\">\r\n\t<div class=\"cmsmasters_slider_project_outer\">\r\n\t<figure class=\"cmsmasters_img_rollover_wrap preloader\"><img loading=\"lazy\" decoding=\"async\" width=\"300\" height=\"400\" src=\"https:\/\/skm-moers.com\/wp-content\/uploads\/2021\/09\/Hoehenverstellbare-Trennwand@2x.png\" class=\"full-width wp-post-image\" alt=\"H\u00f6henverstellbare Trennwand\" title=\"H\u00f6henverstellbare Trennwand\" srcset=\"https:\/\/skm-moers.com\/wp-content\/uploads\/2021\/09\/Hoehenverstellbare-Trennwand@2x.png 300w, https:\/\/skm-moers.com\/wp-content\/uploads\/2021\/09\/Hoehenverstellbare-Trennwand@2x-225x300.png 225w\" sizes=\"auto, (max-width: 300px) 100vw, 300px\" \/><div class=\"cmsmasters_img_rollover noroll\"><a href=\"https:\/\/skm-moers.com\/en\/project\/hoehenverstellbare-trennwand\/\" title=\"H\u00f6henverstellbare Trennwand\" class=\"cmsmasters_open_link\"><\/a><\/div><\/figure>\t<\/div>\r\n<\/article>\r\n<!-- Finish Posts Slider Project Article -->\r\n\r\n<\/div><\/div><\/div>\n<\/div><\/div>\n<\/div>\n<\/div>\n<\/div>\n<\/div>\n<\/div>\n<div id=\"cmsmasters_row_7cvqaq9zho\" class=\"cmsmasters_row cmsmasters_color_scheme_default cmsmasters_row_top_default cmsmasters_row_bot_default cmsmasters_row_fullwidth\">\n<div class=\"cmsmasters_row_outer_parent\">\n<div class=\"cmsmasters_row_outer\">\n<div class=\"cmsmasters_row_inner cmsmasters_row_fullwidth\">\n<div class=\"cmsmasters_row_margin\">\n<div id=\"cmsmasters_column_9l53jf1a74\" class=\"cmsmasters_column one_first\">\n<div class=\"cmsmasters_column_inner\"><div class=\"cmsmasters_text\">\n<h3 style=\"margin: 0 0 10px; font-weight: 400;\">Sonstiges<\/h3>\n<\/div>\n<\/div><\/div>\n<\/div>\n<\/div>\n<\/div>\n<\/div>\n<\/div>\n<div id=\"cmsmasters_row_tm0uesxlqd\" class=\"cmsmasters_row cmsmasters_color_scheme_default cmsmasters_row_top_default cmsmasters_row_bot_default cmsmasters_row_fullwidth\">\n<div class=\"cmsmasters_row_outer_parent\">\n<div class=\"cmsmasters_row_outer\">\n<div class=\"cmsmasters_row_inner cmsmasters_row_fullwidth\">\n<div class=\"cmsmasters_row_margin\">\n<div id=\"cmsmasters_column_5966gsz1en\" class=\"cmsmasters_column one_first\">\n<div class=\"cmsmasters_column_inner\">\n<div class=\"cmsmasters_posts_slider project no-link\" >\r\n\t\t<div id=\"cmsmasters_slider_1zoh3nbayi\" class=\"cmsmasters_owl_slider owl-carousel\" data-items=\"4\" data-single-item=\"false\" data-auto-play=\"5000\"><div class=\"cmsmasters_owl_slider_item\"><!-- Start Posts Slider Project Article -->\r\n<article id=\"post-445\" class=\"cmsmasters_slider_project post-445 project type-project status-publish format-standard has-post-thumbnail hentry pj-categs-sicherheitsequipment-schutzzubehoer\">\r\n\t<div class=\"cmsmasters_slider_project_outer\">\r\n\t<figure class=\"cmsmasters_img_rollover_wrap preloader\"><img loading=\"lazy\" decoding=\"async\" width=\"300\" height=\"400\" src=\"https:\/\/skm-moers.com\/wp-content\/uploads\/2021\/09\/Handdesinfektion-Staender@2x.png\" class=\"full-width wp-post-image\" alt=\"Handdesinfektion-St\u00e4nder\" title=\"Handdesinfektion-St\u00e4nder\" srcset=\"https:\/\/skm-moers.com\/wp-content\/uploads\/2021\/09\/Handdesinfektion-Staender@2x.png 300w, https:\/\/skm-moers.com\/wp-content\/uploads\/2021\/09\/Handdesinfektion-Staender@2x-225x300.png 225w\" sizes=\"auto, (max-width: 300px) 100vw, 300px\" \/><div class=\"cmsmasters_img_rollover noroll\"><a href=\"https:\/\/skm-moers.com\/en\/project\/handdesinfektion-staender\/\" title=\"Handdesinfektion-St\u00e4nder\" class=\"cmsmasters_open_link\"><\/a><\/div><\/figure>\t<\/div>\r\n<\/article>\r\n<!-- Finish Posts Slider Project Article -->\r\n\r\n<\/div><div class=\"cmsmasters_owl_slider_item\"><!-- Start Posts Slider Project Article -->\r\n<article id=\"post-450\" class=\"cmsmasters_slider_project post-450 project type-project status-publish format-standard has-post-thumbnail hentry pj-categs-sicherheitsequipment-schutzzubehoer\">\r\n\t<div class=\"cmsmasters_slider_project_outer\">\r\n\t<figure class=\"cmsmasters_img_rollover_wrap preloader\"><img loading=\"lazy\" decoding=\"async\" width=\"300\" height=\"400\" src=\"https:\/\/skm-moers.com\/wp-content\/uploads\/2021\/09\/FFP2-Maske@2x.png\" class=\"full-width wp-post-image\" alt=\"FFP2 Mundschutz Gesichtsmaske\" title=\"FFP2-Maske\" srcset=\"https:\/\/skm-moers.com\/wp-content\/uploads\/2021\/09\/FFP2-Maske@2x.png 300w, https:\/\/skm-moers.com\/wp-content\/uploads\/2021\/09\/FFP2-Maske@2x-225x300.png 225w\" sizes=\"auto, (max-width: 300px) 100vw, 300px\" \/><div class=\"cmsmasters_img_rollover noroll\"><a href=\"https:\/\/skm-moers.com\/en\/project\/ffp2-mundschutz-gesichtsmaske\/\" title=\"FFP2 Mundschutz Gesichtsmaske\" class=\"cmsmasters_open_link\"><\/a><\/div><\/figure>\t<\/div>\r\n<\/article>\r\n<!-- Finish Posts Slider Project Article -->\r\n\r\n<\/div><div class=\"cmsmasters_owl_slider_item\"><!-- Start Posts Slider Project Article -->\r\n<article id=\"post-451\" class=\"cmsmasters_slider_project post-451 project type-project status-publish format-standard has-post-thumbnail hentry pj-categs-sicherheitsequipment-schutzzubehoer\">\r\n\t<div class=\"cmsmasters_slider_project_outer\">\r\n\t<figure class=\"cmsmasters_img_rollover_wrap preloader\"><img loading=\"lazy\" decoding=\"async\" width=\"300\" height=\"400\" src=\"https:\/\/skm-moers.com\/wp-content\/uploads\/2021\/09\/Mundschutz-Gesichtsmaske@2x.png\" class=\"full-width wp-post-image\" alt=\"Mundschutz Gesichtsmaske\" title=\"Mundschutz-Gesichtsmaske\" srcset=\"https:\/\/skm-moers.com\/wp-content\/uploads\/2021\/09\/Mundschutz-Gesichtsmaske@2x.png 300w, https:\/\/skm-moers.com\/wp-content\/uploads\/2021\/09\/Mundschutz-Gesichtsmaske@2x-225x300.png 225w\" sizes=\"auto, (max-width: 300px) 100vw, 300px\" \/><div class=\"cmsmasters_img_rollover noroll\"><a href=\"https:\/\/skm-moers.com\/en\/project\/mundschutz-gesichtsmaske\/\" title=\"Mundschutz Gesichtsmaske\" class=\"cmsmasters_open_link\"><\/a><\/div><\/figure>\t<\/div>\r\n<\/article>\r\n<!-- Finish Posts Slider Project Article -->\r\n\r\n<\/div><\/div><\/div>\n<\/div><\/div>\n<\/div>\n<\/div>\n<\/div>\n<\/div>\n<\/div>\n<div id=\"cmsmasters_row_jikb9wclx3\" class=\"cmsmasters_row cmsmasters_color_scheme_default cmsmasters_row_top_default cmsmasters_row_bot_default cmsmasters_row_fullwidth\">\n<div class=\"cmsmasters_row_outer_parent\">\n<div class=\"cmsmasters_row_outer\">\n<div class=\"cmsmasters_row_inner cmsmasters_row_fullwidth\">\n<div class=\"cmsmasters_row_margin\">\n<div id=\"cmsmasters_column_kjbyx17622\" class=\"cmsmasters_column one_first\">\n<div class=\"cmsmasters_column_inner\">\n<div id=\"cmsmasters_divider_3jtyzwxazq\" class=\"cmsmasters_divider cmsmasters_divider_width_long cmsmasters_divider_pos_center\"><\/div>\n<div id=\"cmsmasters_divider_whpoipgqlu\" class=\"cmsmasters_divider cmsmasters_divider_width_long cmsmasters_divider_pos_center\"><\/div>\n<div id=\"cmsmasters_divider_o04hob4d0o\" class=\"cmsmasters_divider cmsmasters_divider_width_long cmsmasters_divider_pos_center\"><\/div>\n<div id=\"cmsmasters_divider_cgvyhpyxw\" class=\"cmsmasters_divider cmsmasters_divider_width_long cmsmasters_divider_pos_center\"><\/div>\n<div id=\"cmsmasters_divider_entq83ovoc\" class=\"cmsmasters_divider cmsmasters_divider_width_long cmsmasters_divider_pos_center\"><\/div>\n<\/div><\/div>\n<\/div>\n<\/div>\n<\/div>\n<\/div>\n<\/div>\n<div id=\"cmsmasters_row_s5j4gp5o4f\" class=\"cmsmasters_row cmsmasters_color_scheme_default cmsmasters_row_top_default cmsmasters_row_bot_default cmsmasters_row_boxed\">\n<div class=\"cmsmasters_row_outer_parent\">\n<div class=\"cmsmasters_row_outer\">\n<div class=\"cmsmasters_row_inner\">\n<div class=\"cmsmasters_row_margin\">\n<div id=\"cmsmasters_column_oxgippre9o\" class=\"cmsmasters_column one_first\">\n<div class=\"cmsmasters_column_inner\"><div id=\"cmsmasters_heading_l50p08k6cd\" class=\"cmsmasters_heading_wrap cmsmasters_heading_align_center\">\n\t<h1 class=\"cmsmasters_heading\">Individuelle L\u00f6sungen<\/h1>\n<\/div><div class=\"cmsmasters_text\">\n<p class=\"ending-txt-block-upper\">Dies sind nur einige Beispiele aus unserem gro\u00dfen Produktsortiment. Gem\u00e4\u00df Ihrer W\u00fcnsche und Anforderungen stellen wir Ihnen unsere Produkte vor. Bitte kontaktieren Sie uns!<\/p>\n<\/div>\n<div id=\"cmsmasters_button_7dm2r1wlf8\" class=\"button_wrap\"><a href=\"\/contact\" class=\"cmsmasters_button\"><span>Kontakt<\/span><\/a><\/div>\n<\/div><\/div>\n<\/div>\n<\/div>\n<\/div>\n<\/div>\n<\/div>\n<div id=\"cmsmasters_row_cl4k5vnp0m\" class=\"cmsmasters_row cmsmasters_color_scheme_default cmsmasters_row_top_default cmsmasters_row_bot_default cmsmasters_row_boxed\">\n<div class=\"cmsmasters_row_outer_parent\">\n<div class=\"cmsmasters_row_outer\">\n<div class=\"cmsmasters_row_inner\">\n<div class=\"cmsmasters_row_margin\">\n<div id=\"cmsmasters_column_3tvtfxaro\" class=\"cmsmasters_column one_first\">\n<div class=\"cmsmasters_column_inner\"><div class=\"custom_js\">\n<script type=\"text\/javascript\">\ndocument.onreadystatechange = () => {\n  if (document.readyState === \"complete\") {\n       var elements = document.getElementsByClassName('cmsmasters_open_link');\n       \n       if(!elements) {\n          return;\n       }\n       \n       for(var i=0;i<elements.length;i++) {\n          var elem = elements[i];\n          elem.href = 'https:\/\/shop.skm-moers.com\/sicherheit\/'\n          elem.target = '_blank';\n      }\n  }\n };<\/script>\n<\/div>\n<\/div><\/div>\n<\/div>\n<\/div>\n<\/div>\n<\/div>\n<\/div>\n\n","protected":false},"excerpt":{"rendered":"","protected":false},"author":1,"featured_media":0,"parent":0,"menu_order":0,"comment_status":"closed","ping_status":"closed","template":"","meta":{"footnotes":""},"class_list":["post-410","page","type-page","status-publish","hentry"],"_links":{"self":[{"href":"https:\/\/skm-moers.com\/en\/wp-json\/wp\/v2\/pages\/410","targetHints":{"allow":["GET"]}}],"collection":[{"href":"https:\/\/skm-moers.com\/en\/wp-json\/wp\/v2\/pages"}],"about":[{"href":"https:\/\/skm-moers.com\/en\/wp-json\/wp\/v2\/types\/page"}],"author":[{"embeddable":true,"href":"https:\/\/skm-moers.com\/en\/wp-json\/wp\/v2\/users\/1"}],"replies":[{"embeddable":true,"href":"https:\/\/skm-moers.com\/en\/wp-json\/wp\/v2\/comments?post=410"}],"version-history":[{"count":2,"href":"https:\/\/skm-moers.com\/en\/wp-json\/wp\/v2\/pages\/410\/revisions"}],"predecessor-version":[{"id":1746,"href":"https:\/\/skm-moers.com\/en\/wp-json\/wp\/v2\/pages\/410\/revisions\/1746"}],"wp:attachment":[{"href":"https:\/\/skm-moers.com\/en\/wp-json\/wp\/v2\/media?parent=410"}],"curies":[{"name":"wp","href":"https:\/\/api.w.org\/{rel}","templated":true}]}}