{"id":368,"date":"2021-09-07T13:35:58","date_gmt":"2021-09-07T13:35:58","guid":{"rendered":"https:\/\/skm-moers.com\/?page_id=368"},"modified":"2025-01-16T10:49:38","modified_gmt":"2025-01-16T10:49:38","slug":"umhaenge-zeitungs-rollertaschen","status":"publish","type":"page","link":"https:\/\/skm-moers.com\/en\/umhaenge-zeitungs-rollertaschen\/","title":{"rendered":"Shoulder bag, newspaper bags and scooter bags"},"content":{"rendered":"<div id=\"cmsmasters_row_\" class=\"cmsmasters_row cmsmasters_color_scheme_default cmsmasters_row_top_default cmsmasters_row_bot_default cmsmasters_row_fullwidth\">\n<div id=\"header-img\" class=\"cmsmasters_row_outer_parent\">\n<div class=\"cmsmasters_row_outer\">\n<div class=\"cmsmasters_row_inner cmsmasters_row_fullwidth\">\n<div class=\"cmsmasters_row_margin\">\n<div id=\"cmsmasters_column_\" class=\"cmsmasters_column one_first header-img-col\">\n<div class=\"cmsmasters_column_inner\"><div class=\"cmsmasters_text\">\n<p>&nbsp;<\/p>\n<\/div>\n<\/div><\/div>\n<\/div>\n<\/div>\n<\/div>\n<\/div>\n<\/div>\n<div id=\"cmsmasters_row_2epbw3b7mn\" class=\"cmsmasters_row cmsmasters_color_scheme_default headline-txtbox-align cmsmasters_row_top_default cmsmasters_row_bot_default cmsmasters_row_fullwidth\">\n<div class=\"cmsmasters_row_outer_parent\">\n<div class=\"cmsmasters_row_outer\">\n<div class=\"cmsmasters_row_inner cmsmasters_row_fullwidth\">\n<div class=\"cmsmasters_row_margin\">\n<div id=\"cmsmasters_column_m5l3aguac3\" class=\"cmsmasters_column one_first headline-box-col\">\n<div class=\"cmsmasters_column_inner\"><div id=\"cmsmasters_heading_9ia0oqwpyn\" class=\"cmsmasters_heading_wrap cmsmasters_heading_align_left\">\n\t<h1 class=\"cmsmasters_heading\">Umh\u00e4ngetaschen, Zeitungstaschen und Rollertaschen<\/h1>\n<\/div><div class=\"cmsmasters_text sub-heading\">\n<p style=\"padding-top: 25px; color: #fff; line-height: 26px;\">Die Bearbeitung technischer Textilien ist unser Spezialgebiet: Die Firmengruppe SKM hat \u00fcber 30 Jahre Erfahrung mit der Verarbeitung von PVC beschichtetem Gewebe. Hier finden Sie einige Beispiele aus unserem Produktsegment Taschen.<\/p>\n<\/div>\n<\/div><\/div>\n<\/div>\n<\/div>\n<\/div>\n<\/div>\n<\/div>\n<div id=\"cmsmasters_row_lt5pdtdv35\" class=\"cmsmasters_row cmsmasters_color_scheme_default cmsmasters_row_top_default cmsmasters_row_bot_default cmsmasters_row_fullwidth\">\n<div class=\"cmsmasters_row_outer_parent\">\n<div class=\"cmsmasters_row_outer\">\n<div class=\"cmsmasters_row_inner cmsmasters_row_fullwidth\">\n<div class=\"cmsmasters_row_margin\">\n<div id=\"cmsmasters_column_hhwf70tdhi\" class=\"cmsmasters_column one_first\">\n<div class=\"cmsmasters_column_inner\"><div class=\"cmsmasters_text\">\n<h2 style=\"margin: 0 0 10px;\">Zeitungstaschen und Rollertaschen<\/h2>\n<\/div>\n<\/div><\/div>\n<\/div>\n<\/div>\n<\/div>\n<\/div>\n<\/div>\n<div id=\"cmsmasters_row_e92o38itz\" class=\"cmsmasters_row cmsmasters_color_scheme_default cmsmasters_row_top_default cmsmasters_row_bot_default cmsmasters_row_fullwidth\">\n<div class=\"cmsmasters_row_outer_parent\">\n<div class=\"cmsmasters_row_outer\">\n<div class=\"cmsmasters_row_inner cmsmasters_row_fullwidth\">\n<div class=\"cmsmasters_row_margin\">\n<div id=\"cmsmasters_column_pf5aqv9kkt\" class=\"cmsmasters_column one_first\">\n<div class=\"cmsmasters_column_inner\">\n<div class=\"cmsmasters_posts_slider project no-link\" >\r\n\t\t<div id=\"cmsmasters_slider_n4n1gdtz9h\" class=\"cmsmasters_owl_slider owl-carousel\" data-items=\"4\" data-single-item=\"false\" data-auto-play=\"5000\"><div class=\"cmsmasters_owl_slider_item\"><!-- Start Posts Slider Project Article -->\r\n<article id=\"post-372\" class=\"cmsmasters_slider_project post-372 project type-project status-publish format-standard has-post-thumbnail hentry pj-categs-zeitungstaschen-rollertaschen\">\r\n\t<div class=\"cmsmasters_slider_project_outer\">\r\n\t<figure class=\"cmsmasters_img_rollover_wrap preloader\"><img loading=\"lazy\" decoding=\"async\" width=\"300\" height=\"400\" src=\"https:\/\/skm-moers.com\/wp-content\/uploads\/2021\/09\/Rollertasche-mit-Klarsichtfolie.png\" class=\"full-width wp-post-image\" alt=\"Rollertasche mit Klarsichtglas\" title=\"Rollertasche mit Klarsichtfolie\" srcset=\"https:\/\/skm-moers.com\/wp-content\/uploads\/2021\/09\/Rollertasche-mit-Klarsichtfolie.png 300w, https:\/\/skm-moers.com\/wp-content\/uploads\/2021\/09\/Rollertasche-mit-Klarsichtfolie-225x300.png 225w\" sizes=\"auto, (max-width: 300px) 100vw, 300px\" \/><div class=\"cmsmasters_img_rollover noroll\"><a href=\"https:\/\/skm-moers.com\/en\/project\/rollertasche-klarsicht\/\" title=\"Rollertasche mit Klarsichtglas\" class=\"cmsmasters_open_link\"><\/a><\/div><\/figure>\t<\/div>\r\n<\/article>\r\n<!-- Finish Posts Slider Project Article -->\r\n\r\n<\/div><div class=\"cmsmasters_owl_slider_item\"><!-- Start Posts Slider Project Article -->\r\n<article id=\"post-378\" class=\"cmsmasters_slider_project post-378 project type-project status-publish format-standard has-post-thumbnail hentry pj-categs-zeitungstaschen-rollertaschen\">\r\n\t<div class=\"cmsmasters_slider_project_outer\">\r\n\t<figure class=\"cmsmasters_img_rollover_wrap preloader\"><img loading=\"lazy\" decoding=\"async\" width=\"300\" height=\"400\" src=\"https:\/\/skm-moers.com\/wp-content\/uploads\/2021\/09\/Rollertasche-hinten@2x.png\" class=\"full-width wp-post-image\" alt=\"Rollertasche Gru\u0308n\" title=\"Rollertasche (hinten)\" srcset=\"https:\/\/skm-moers.com\/wp-content\/uploads\/2021\/09\/Rollertasche-hinten@2x.png 300w, https:\/\/skm-moers.com\/wp-content\/uploads\/2021\/09\/Rollertasche-hinten@2x-225x300.png 225w\" sizes=\"auto, (max-width: 300px) 100vw, 300px\" \/><div class=\"cmsmasters_img_rollover noroll\"><a href=\"https:\/\/skm-moers.com\/en\/project\/rollertasche-gru%cc%88n\/\" title=\"Rollertasche Gru\u0308n\" class=\"cmsmasters_open_link\"><\/a><\/div><\/figure>\t<\/div>\r\n<\/article>\r\n<!-- Finish Posts Slider Project Article -->\r\n\r\n<\/div><div class=\"cmsmasters_owl_slider_item\"><!-- Start Posts Slider Project Article -->\r\n<article id=\"post-379\" class=\"cmsmasters_slider_project post-379 project type-project status-publish format-standard has-post-thumbnail hentry pj-categs-zeitungstaschen-rollertaschen\">\r\n\t<div class=\"cmsmasters_slider_project_outer\">\r\n\t<figure class=\"cmsmasters_img_rollover_wrap preloader\"><img loading=\"lazy\" decoding=\"async\" width=\"300\" height=\"400\" src=\"https:\/\/skm-moers.com\/wp-content\/uploads\/2021\/09\/Rollertasche-Grau@2x.png\" class=\"full-width wp-post-image\" alt=\"Rollertasche Grau\" title=\"Rollertasche Grau\" srcset=\"https:\/\/skm-moers.com\/wp-content\/uploads\/2021\/09\/Rollertasche-Grau@2x.png 300w, https:\/\/skm-moers.com\/wp-content\/uploads\/2021\/09\/Rollertasche-Grau@2x-225x300.png 225w\" sizes=\"auto, (max-width: 300px) 100vw, 300px\" \/><div class=\"cmsmasters_img_rollover noroll\"><a href=\"https:\/\/skm-moers.com\/en\/project\/rollertasche-grau\/\" title=\"Rollertasche Grau\" class=\"cmsmasters_open_link\"><\/a><\/div><\/figure>\t<\/div>\r\n<\/article>\r\n<!-- Finish Posts Slider Project Article -->\r\n\r\n<\/div><div class=\"cmsmasters_owl_slider_item\"><!-- Start Posts Slider Project Article -->\r\n<article id=\"post-380\" class=\"cmsmasters_slider_project post-380 project type-project status-publish format-standard has-post-thumbnail hentry pj-categs-zeitungstaschen-rollertaschen\">\r\n\t<div class=\"cmsmasters_slider_project_outer\">\r\n\t<figure class=\"cmsmasters_img_rollover_wrap preloader\"><img loading=\"lazy\" decoding=\"async\" width=\"300\" height=\"400\" src=\"https:\/\/skm-moers.com\/wp-content\/uploads\/2021\/09\/Rollertasche-Blau@2x.png\" class=\"full-width wp-post-image\" alt=\"Rollertasche Blau\" title=\"Rollertasche Blau\" srcset=\"https:\/\/skm-moers.com\/wp-content\/uploads\/2021\/09\/Rollertasche-Blau@2x.png 300w, https:\/\/skm-moers.com\/wp-content\/uploads\/2021\/09\/Rollertasche-Blau@2x-225x300.png 225w\" sizes=\"auto, (max-width: 300px) 100vw, 300px\" \/><div class=\"cmsmasters_img_rollover noroll\"><a href=\"https:\/\/skm-moers.com\/en\/project\/rollertasche-blau\/\" title=\"Rollertasche Blau\" class=\"cmsmasters_open_link\"><\/a><\/div><\/figure>\t<\/div>\r\n<\/article>\r\n<!-- Finish Posts Slider Project Article -->\r\n\r\n<\/div><\/div><\/div>\n<\/div><\/div>\n<\/div>\n<\/div>\n<\/div>\n<\/div>\n<\/div>\n<div id=\"cmsmasters_row_l9obs6yvxs\" class=\"cmsmasters_row cmsmasters_color_scheme_default cmsmasters_row_top_default cmsmasters_row_bot_default cmsmasters_row_fullwidth\">\n<div class=\"cmsmasters_row_outer_parent\">\n<div class=\"cmsmasters_row_outer\">\n<div class=\"cmsmasters_row_inner cmsmasters_row_fullwidth\">\n<div class=\"cmsmasters_row_margin\">\n<div id=\"cmsmasters_column_hhjqz20ync\" class=\"cmsmasters_column one_first\">\n<div class=\"cmsmasters_column_inner\"><div class=\"cmsmasters_text\">\n<h2 style=\"margin: 0 0 10px;\">Transporttaschen und Umh\u00e4ngetaschen<\/h2>\n<\/div>\n<\/div><\/div>\n<\/div>\n<\/div>\n<\/div>\n<\/div>\n<\/div>\n<div id=\"cmsmasters_row_tm0uesxlqd\" class=\"cmsmasters_row cmsmasters_color_scheme_default cmsmasters_row_top_default cmsmasters_row_bot_default cmsmasters_row_fullwidth\">\n<div class=\"cmsmasters_row_outer_parent\">\n<div class=\"cmsmasters_row_outer\">\n<div class=\"cmsmasters_row_inner cmsmasters_row_fullwidth\">\n<div class=\"cmsmasters_row_margin\">\n<div id=\"cmsmasters_column_5966gsz1en\" class=\"cmsmasters_column one_first\">\n<div class=\"cmsmasters_column_inner\">\n<div class=\"cmsmasters_posts_slider project no-link\" >\r\n\t\t<div id=\"cmsmasters_slider_1zoh3nbayi\" class=\"cmsmasters_owl_slider owl-carousel\" data-items=\"4\" data-single-item=\"false\" data-auto-play=\"false\"><div class=\"cmsmasters_owl_slider_item\"><!-- Start Posts Slider Project Article -->\r\n<article id=\"post-386\" class=\"cmsmasters_slider_project post-386 project type-project status-publish format-standard has-post-thumbnail hentry pj-categs-umhaengetaschen-transporttaschen\">\r\n\t<div class=\"cmsmasters_slider_project_outer\">\r\n\t<figure class=\"cmsmasters_img_rollover_wrap preloader\"><img loading=\"lazy\" decoding=\"async\" width=\"300\" height=\"400\" src=\"https:\/\/skm-moers.com\/wp-content\/uploads\/2021\/09\/Umhaengetasche-Rot.png\" class=\"full-width wp-post-image\" alt=\"Umha\u0308ngetasche\" title=\"Umh\u00e4ngetasche-Rot\" srcset=\"https:\/\/skm-moers.com\/wp-content\/uploads\/2021\/09\/Umhaengetasche-Rot.png 300w, https:\/\/skm-moers.com\/wp-content\/uploads\/2021\/09\/Umhaengetasche-Rot-225x300.png 225w\" sizes=\"auto, (max-width: 300px) 100vw, 300px\" \/><div class=\"cmsmasters_img_rollover noroll\"><a href=\"https:\/\/skm-moers.com\/en\/project\/umhaaengetasche\/\" title=\"Umha\u0308ngetasche\" class=\"cmsmasters_open_link\"><\/a><\/div><\/figure>\t<\/div>\r\n<\/article>\r\n<!-- Finish Posts Slider Project Article -->\r\n\r\n<\/div><div class=\"cmsmasters_owl_slider_item\"><!-- Start Posts Slider Project Article -->\r\n<article id=\"post-391\" class=\"cmsmasters_slider_project post-391 project type-project status-publish format-standard has-post-thumbnail hentry pj-categs-umhaengetaschen-transporttaschen\">\r\n\t<div class=\"cmsmasters_slider_project_outer\">\r\n\t<figure class=\"cmsmasters_img_rollover_wrap preloader\"><img loading=\"lazy\" decoding=\"async\" width=\"300\" height=\"400\" src=\"https:\/\/skm-moers.com\/wp-content\/uploads\/2021\/09\/Faechertasche@2x.png\" class=\"full-width wp-post-image\" alt=\"F\u00e4chertasche\" title=\"F\u00e4chertasche\" srcset=\"https:\/\/skm-moers.com\/wp-content\/uploads\/2021\/09\/Faechertasche@2x.png 300w, https:\/\/skm-moers.com\/wp-content\/uploads\/2021\/09\/Faechertasche@2x-225x300.png 225w\" sizes=\"auto, (max-width: 300px) 100vw, 300px\" \/><div class=\"cmsmasters_img_rollover noroll\"><a href=\"https:\/\/skm-moers.com\/en\/project\/faechertasche\/\" title=\"F\u00e4chertasche\" class=\"cmsmasters_open_link\"><\/a><\/div><\/figure>\t<\/div>\r\n<\/article>\r\n<!-- Finish Posts Slider Project Article -->\r\n\r\n<\/div><div class=\"cmsmasters_owl_slider_item\"><!-- Start Posts Slider Project Article -->\r\n<article id=\"post-392\" class=\"cmsmasters_slider_project post-392 project type-project status-publish format-standard has-post-thumbnail hentry pj-categs-umhaengetaschen-transporttaschen\">\r\n\t<div class=\"cmsmasters_slider_project_outer\">\r\n\t<figure class=\"cmsmasters_img_rollover_wrap preloader\"><img loading=\"lazy\" decoding=\"async\" width=\"300\" height=\"400\" src=\"https:\/\/skm-moers.com\/wp-content\/uploads\/2021\/09\/Kuriertasche.png\" class=\"full-width wp-post-image\" alt=\"Kuriertasche\" title=\"Kuriertasche\" srcset=\"https:\/\/skm-moers.com\/wp-content\/uploads\/2021\/09\/Kuriertasche.png 300w, https:\/\/skm-moers.com\/wp-content\/uploads\/2021\/09\/Kuriertasche-225x300.png 225w\" sizes=\"auto, (max-width: 300px) 100vw, 300px\" \/><div class=\"cmsmasters_img_rollover noroll\"><a href=\"https:\/\/skm-moers.com\/en\/project\/kuriertasche\/\" title=\"Kuriertasche\" class=\"cmsmasters_open_link\"><\/a><\/div><\/figure>\t<\/div>\r\n<\/article>\r\n<!-- Finish Posts Slider Project Article -->\r\n\r\n<\/div><\/div><\/div>\n<\/div><\/div>\n<\/div>\n<\/div>\n<\/div>\n<\/div>\n<\/div>\n<div id=\"cmsmasters_row_ayf2o91a1f\" class=\"cmsmasters_row cmsmasters_color_scheme_default cmsmasters_row_top_default cmsmasters_row_bot_default cmsmasters_row_fullwidth\">\n<div class=\"cmsmasters_row_outer_parent\">\n<div class=\"cmsmasters_row_outer\">\n<div class=\"cmsmasters_row_inner cmsmasters_row_fullwidth\">\n<div class=\"cmsmasters_row_margin\">\n<div id=\"cmsmasters_column_ew1xxitybr\" class=\"cmsmasters_column one_first\">\n<div class=\"cmsmasters_column_inner\"><div class=\"cmsmasters_text\">\n<h2 style=\"margin: 0 0 10px;\">Sonstiges<\/h2>\n<\/div>\n<\/div><\/div>\n<\/div>\n<\/div>\n<\/div>\n<\/div>\n<\/div>\n<div id=\"cmsmasters_row_8k1gk9cn3\" class=\"cmsmasters_row cmsmasters_color_scheme_default cmsmasters_row_top_default cmsmasters_row_bot_default cmsmasters_row_fullwidth\">\n<div class=\"cmsmasters_row_outer_parent\">\n<div class=\"cmsmasters_row_outer\">\n<div class=\"cmsmasters_row_inner cmsmasters_row_fullwidth\">\n<div class=\"cmsmasters_row_margin\">\n<div id=\"cmsmasters_column_cbxghwakao\" class=\"cmsmasters_column one_first\">\n<div class=\"cmsmasters_column_inner\">\n<div class=\"cmsmasters_posts_slider project no-link\" >\r\n\t\t<div id=\"cmsmasters_slider_g5jajvhvov\" class=\"cmsmasters_owl_slider owl-carousel\" data-items=\"4\" data-single-item=\"false\" data-auto-play=\"5000\"><div class=\"cmsmasters_owl_slider_item\"><!-- Start Posts Slider Project Article -->\r\n<article id=\"post-405\" class=\"cmsmasters_slider_project post-405 project type-project status-publish format-standard has-post-thumbnail hentry pj-categs-taschen-sonstiges\">\r\n\t<div class=\"cmsmasters_slider_project_outer\">\r\n\t<figure class=\"cmsmasters_img_rollover_wrap preloader\"><img loading=\"lazy\" decoding=\"async\" width=\"300\" height=\"400\" src=\"https:\/\/skm-moers.com\/wp-content\/uploads\/2021\/09\/Guerteltasche@2x.png\" class=\"full-width wp-post-image\" alt=\"Gu\u0308rteltasche\" title=\"G\u00fcrteltasche@2x\" srcset=\"https:\/\/skm-moers.com\/wp-content\/uploads\/2021\/09\/Guerteltasche@2x.png 300w, https:\/\/skm-moers.com\/wp-content\/uploads\/2021\/09\/Guerteltasche@2x-225x300.png 225w\" sizes=\"auto, (max-width: 300px) 100vw, 300px\" \/><div class=\"cmsmasters_img_rollover noroll\"><a href=\"https:\/\/skm-moers.com\/en\/project\/gu%cc%88rteltasche-gelb\/\" title=\"Gu\u0308rteltasche\" class=\"cmsmasters_open_link\"><\/a><\/div><\/figure>\t<\/div>\r\n<\/article>\r\n<!-- Finish Posts Slider Project Article -->\r\n\r\n<\/div><div class=\"cmsmasters_owl_slider_item\"><!-- Start Posts Slider Project Article -->\r\n<article id=\"post-404\" class=\"cmsmasters_slider_project post-404 project type-project status-publish format-standard has-post-thumbnail hentry pj-categs-taschen-sonstiges\">\r\n\t<div class=\"cmsmasters_slider_project_outer\">\r\n\t<figure class=\"cmsmasters_img_rollover_wrap preloader\"><img loading=\"lazy\" decoding=\"async\" width=\"300\" height=\"400\" src=\"https:\/\/skm-moers.com\/wp-content\/uploads\/2021\/09\/Guerteltasche@2x-2.png\" class=\"full-width wp-post-image\" alt=\"Gu\u0308rteltasche\" title=\"G\u00fcrteltasche\" srcset=\"https:\/\/skm-moers.com\/wp-content\/uploads\/2021\/09\/Guerteltasche@2x-2.png 300w, https:\/\/skm-moers.com\/wp-content\/uploads\/2021\/09\/Guerteltasche@2x-2-225x300.png 225w\" sizes=\"auto, (max-width: 300px) 100vw, 300px\" \/><div class=\"cmsmasters_img_rollover noroll\"><a href=\"https:\/\/skm-moers.com\/en\/project\/gu%cc%88rteltasche\/\" title=\"Gu\u0308rteltasche\" class=\"cmsmasters_open_link\"><\/a><\/div><\/figure>\t<\/div>\r\n<\/article>\r\n<!-- Finish Posts Slider Project Article -->\r\n\r\n<\/div><div class=\"cmsmasters_owl_slider_item\"><!-- Start Posts Slider Project Article -->\r\n<article id=\"post-403\" class=\"cmsmasters_slider_project post-403 project type-project status-publish format-standard has-post-thumbnail hentry pj-categs-taschen-sonstiges\">\r\n\t<div class=\"cmsmasters_slider_project_outer\">\r\n\t<figure class=\"cmsmasters_img_rollover_wrap preloader\"><img loading=\"lazy\" decoding=\"async\" width=\"300\" height=\"400\" src=\"https:\/\/skm-moers.com\/wp-content\/uploads\/2021\/09\/Regalsortiertasche@2x.png\" class=\"full-width wp-post-image\" alt=\"Regalsortiertasche\" title=\"Regalsortiertasche\" srcset=\"https:\/\/skm-moers.com\/wp-content\/uploads\/2021\/09\/Regalsortiertasche@2x.png 300w, https:\/\/skm-moers.com\/wp-content\/uploads\/2021\/09\/Regalsortiertasche@2x-225x300.png 225w\" sizes=\"auto, (max-width: 300px) 100vw, 300px\" \/><div class=\"cmsmasters_img_rollover noroll\"><a href=\"https:\/\/skm-moers.com\/en\/project\/regalsortiertasche\/\" title=\"Regalsortiertasche\" class=\"cmsmasters_open_link\"><\/a><\/div><\/figure>\t<\/div>\r\n<\/article>\r\n<!-- Finish Posts Slider Project Article -->\r\n\r\n<\/div><div class=\"cmsmasters_owl_slider_item\"><!-- Start Posts Slider Project Article -->\r\n<article id=\"post-397\" class=\"cmsmasters_slider_project post-397 project type-project status-publish format-standard has-post-thumbnail hentry pj-categs-taschen-sonstiges\">\r\n\t<div class=\"cmsmasters_slider_project_outer\">\r\n\t<figure class=\"cmsmasters_img_rollover_wrap preloader\"><img loading=\"lazy\" decoding=\"async\" width=\"300\" height=\"400\" src=\"https:\/\/skm-moers.com\/wp-content\/uploads\/2021\/09\/Postbox@2x.png\" class=\"full-width wp-post-image\" alt=\"Postbox\" title=\"Postbox\" srcset=\"https:\/\/skm-moers.com\/wp-content\/uploads\/2021\/09\/Postbox@2x.png 300w, https:\/\/skm-moers.com\/wp-content\/uploads\/2021\/09\/Postbox@2x-225x300.png 225w\" sizes=\"auto, (max-width: 300px) 100vw, 300px\" \/><div class=\"cmsmasters_img_rollover noroll\"><a href=\"https:\/\/skm-moers.com\/en\/project\/postbox\/\" title=\"Postbox\" class=\"cmsmasters_open_link\"><\/a><\/div><\/figure>\t<\/div>\r\n<\/article>\r\n<!-- Finish Posts Slider Project Article -->\r\n\r\n<\/div><\/div><\/div>\n<\/div><\/div>\n<\/div>\n<\/div>\n<\/div>\n<\/div>\n<\/div>\n<div id=\"cmsmasters_row_32rgxxcjz\" class=\"cmsmasters_row cmsmasters_color_scheme_default cmsmasters_row_top_default cmsmasters_row_bot_default cmsmasters_row_fullwidth\">\n<div class=\"cmsmasters_row_outer_parent\">\n<div class=\"cmsmasters_row_outer\">\n<div class=\"cmsmasters_row_inner cmsmasters_row_fullwidth\">\n<div class=\"cmsmasters_row_margin\">\n<div id=\"cmsmasters_column_zui420nj85\" class=\"cmsmasters_column one_first\">\n<div class=\"cmsmasters_column_inner\">\n<div id=\"cmsmasters_divider_h3a07kq2ox\" class=\"cmsmasters_divider cmsmasters_divider_width_long cmsmasters_divider_pos_center\"><\/div>\n<div id=\"cmsmasters_divider_spe8rmgldv\" class=\"cmsmasters_divider cmsmasters_divider_width_long cmsmasters_divider_pos_center\"><\/div>\n<div id=\"cmsmasters_divider_601e3cqbkb\" class=\"cmsmasters_divider cmsmasters_divider_width_long cmsmasters_divider_pos_center\"><\/div>\n<div id=\"cmsmasters_divider_b782xuy9zq\" class=\"cmsmasters_divider cmsmasters_divider_width_long cmsmasters_divider_pos_center\"><\/div>\n<div id=\"cmsmasters_divider_vgk04g83ov\" class=\"cmsmasters_divider cmsmasters_divider_width_long cmsmasters_divider_pos_center\"><\/div>\n<\/div><\/div>\n<\/div>\n<\/div>\n<\/div>\n<\/div>\n<\/div>\n<div id=\"cmsmasters_row_yh1ic0orv\" class=\"cmsmasters_row cmsmasters_color_scheme_default cmsmasters_row_top_default cmsmasters_row_bot_default cmsmasters_row_boxed\">\n<div class=\"cmsmasters_row_outer_parent\">\n<div class=\"cmsmasters_row_outer\">\n<div class=\"cmsmasters_row_inner\">\n<div class=\"cmsmasters_row_margin\">\n<div id=\"cmsmasters_column_dpcidz5xfv\" class=\"cmsmasters_column one_first\">\n<div class=\"cmsmasters_column_inner\"><div id=\"cmsmasters_heading_3i5nwqfgvg\" class=\"cmsmasters_heading_wrap cmsmasters_heading_align_center\">\n\t<h1 class=\"cmsmasters_heading\">Individuelle L\u00f6sungen<\/h1>\n<\/div><div class=\"cmsmasters_text\">\n<p class=\"ending-txt-block-upper\">Dies sind nur einige Beispiele aus unserem gro\u00dfen Produktsortiment. Gem\u00e4\u00df Ihrer W\u00fcnsche und Anforderungen stellen wir Ihnen unsere Produkte vor. Bitte kontaktieren Sie uns!<\/p>\n<\/div>\n<div id=\"cmsmasters_button_u6kteiin1\" class=\"button_wrap\"><a href=\"\/contact\" class=\"cmsmasters_button\"><span>Kontakt<\/span><\/a><\/div>\n<\/div><\/div>\n<\/div>\n<\/div>\n<\/div>\n<\/div>\n<\/div>\n<div id=\"cmsmasters_row_cl4k5vnp0m\" class=\"cmsmasters_row cmsmasters_color_scheme_default cmsmasters_row_top_default cmsmasters_row_bot_default cmsmasters_row_boxed\">\n<div class=\"cmsmasters_row_outer_parent\">\n<div class=\"cmsmasters_row_outer\">\n<div class=\"cmsmasters_row_inner\">\n<div class=\"cmsmasters_row_margin\">\n<div id=\"cmsmasters_column_3tvtfxaro\" class=\"cmsmasters_column one_first\">\n<div class=\"cmsmasters_column_inner\"><div class=\"custom_js\">\n<script type=\"text\/javascript\">\ndocument.onreadystatechange = () => {\n  if (document.readyState === \"complete\") {\n       var elements = document.getElementsByClassName('cmsmasters_open_link');\n       \n       if(!elements) {\n          return;\n       }\n       \n       for(var i=0;i<elements.length;i++) {\n          var elem = elements[i];\n          elem.href = 'https:\/\/shop.skm-moers.com\/taschen\/'\n          elem.target = '_blank';\n      }\n  }\n };<\/script>\n<\/div>\n<\/div><\/div>\n<\/div>\n<\/div>\n<\/div>\n<\/div>\n<\/div>\n\n","protected":false},"excerpt":{"rendered":"","protected":false},"author":1,"featured_media":0,"parent":0,"menu_order":0,"comment_status":"closed","ping_status":"closed","template":"","meta":{"footnotes":""},"class_list":["post-368","page","type-page","status-publish","hentry"],"_links":{"self":[{"href":"https:\/\/skm-moers.com\/en\/wp-json\/wp\/v2\/pages\/368","targetHints":{"allow":["GET"]}}],"collection":[{"href":"https:\/\/skm-moers.com\/en\/wp-json\/wp\/v2\/pages"}],"about":[{"href":"https:\/\/skm-moers.com\/en\/wp-json\/wp\/v2\/types\/page"}],"author":[{"embeddable":true,"href":"https:\/\/skm-moers.com\/en\/wp-json\/wp\/v2\/users\/1"}],"replies":[{"embeddable":true,"href":"https:\/\/skm-moers.com\/en\/wp-json\/wp\/v2\/comments?post=368"}],"version-history":[{"count":2,"href":"https:\/\/skm-moers.com\/en\/wp-json\/wp\/v2\/pages\/368\/revisions"}],"predecessor-version":[{"id":1744,"href":"https:\/\/skm-moers.com\/en\/wp-json\/wp\/v2\/pages\/368\/revisions\/1744"}],"wp:attachment":[{"href":"https:\/\/skm-moers.com\/en\/wp-json\/wp\/v2\/media?parent=368"}],"curies":[{"name":"wp","href":"https:\/\/api.w.org\/{rel}","templated":true}]}}