{"id":301,"date":"2021-09-07T12:35:23","date_gmt":"2021-09-07T12:35:23","guid":{"rendered":"https:\/\/skm-moers.com\/?page_id=301"},"modified":"2025-01-16T10:44:22","modified_gmt":"2025-01-16T10:44:22","slug":"kisten-briefkaesten-abholboxen","status":"publish","type":"page","link":"https:\/\/skm-moers.com\/en\/kisten-briefkaesten-abholboxen\/","title":{"rendered":"Boxes, postboxes and collection boxes"},"content":{"rendered":"<div id=\"cmsmasters_row_\" class=\"cmsmasters_row cmsmasters_color_scheme_default cmsmasters_row_top_default cmsmasters_row_bot_default cmsmasters_row_fullwidth\">\n<div id=\"header-img\" class=\"cmsmasters_row_outer_parent\">\n<div class=\"cmsmasters_row_outer\">\n<div class=\"cmsmasters_row_inner cmsmasters_row_fullwidth\">\n<div class=\"cmsmasters_row_margin\">\n<div id=\"cmsmasters_column_\" class=\"cmsmasters_column one_first header-img-col\">\n<div class=\"cmsmasters_column_inner\"><div class=\"cmsmasters_text\">\n<p><\/p>\n<\/div>\n<\/div><\/div>\n<\/div>\n<\/div>\n<\/div>\n<\/div>\n<\/div>\n<div id=\"cmsmasters_row_3k67cibun\" class=\"cmsmasters_row cmsmasters_color_scheme_default headline-txtbox-align cmsmasters_row_top_default cmsmasters_row_bot_default cmsmasters_row_fullwidth\">\n<div class=\"cmsmasters_row_outer_parent\">\n<div class=\"cmsmasters_row_outer\">\n<div class=\"cmsmasters_row_inner cmsmasters_row_fullwidth\">\n<div class=\"cmsmasters_row_margin\">\n<div id=\"cmsmasters_column_mh6xbbqnrw\" class=\"cmsmasters_column one_first headline-box-col\">\n<div class=\"cmsmasters_column_inner\"><div id=\"cmsmasters_heading_8bsr9tgeyd\" class=\"cmsmasters_heading_wrap cmsmasters_heading_align_left\">\n\t<h1 class=\"cmsmasters_heading\">Kisten, Briefk\u00e4sten und Abholboxen<\/h1>\n<\/div><div class=\"cmsmasters_text sub-heading\">\n<p style=\"padding-top: 25px; color: #fff; line-height: 26px;\">SKM fertigt unterschiedliche Briefk\u00e4sten und Boxen aus Metall an, die auch optional mit einem Schloss und R\u00e4dern versehen werden k\u00f6nnen. F\u00fcr den Au\u00dfenbereich k\u00f6nnen unsere Produkte in der Produktion verzinkt oder galvanisiert werden. Zus\u00e4tzlich bieten wir auf Kundenwunsch Leichtbauanwendungen wie Kunststoffboxen oder andere individuelle Produkte an.<\/p>\n<\/div>\n<\/div><\/div>\n<\/div>\n<\/div>\n<\/div>\n<\/div>\n<\/div>\n<div id=\"cmsmasters_row_ayf2o91a1f\" class=\"cmsmasters_row cmsmasters_color_scheme_default cmsmasters_row_top_default cmsmasters_row_bot_default cmsmasters_row_fullwidth\">\n<div class=\"cmsmasters_row_outer_parent\">\n<div class=\"cmsmasters_row_outer\">\n<div class=\"cmsmasters_row_inner cmsmasters_row_fullwidth\">\n<div class=\"cmsmasters_row_margin\">\n<div id=\"cmsmasters_column_ew1xxitybr\" class=\"cmsmasters_column one_first\">\n<div class=\"cmsmasters_column_inner\"><div class=\"cmsmasters_text\">\n<h2 style=\"margin: 0 0 10px;\">Kisten &amp; Abholboxen<\/h2>\n<\/div>\n<\/div><\/div>\n<\/div>\n<\/div>\n<\/div>\n<\/div>\n<\/div>\n<div id=\"cmsmasters_row_8k1gk9cn3\" class=\"cmsmasters_row cmsmasters_color_scheme_default cmsmasters_row_top_default cmsmasters_row_bot_default cmsmasters_row_fullwidth\">\n<div class=\"cmsmasters_row_outer_parent\">\n<div class=\"cmsmasters_row_outer\">\n<div class=\"cmsmasters_row_inner cmsmasters_row_fullwidth\">\n<div class=\"cmsmasters_row_margin\">\n<div id=\"cmsmasters_column_cbxghwakao\" class=\"cmsmasters_column one_first\">\n<div class=\"cmsmasters_column_inner\">\n<div class=\"cmsmasters_posts_slider project no-link\" >\r\n\t\t<div id=\"cmsmasters_slider_g5jajvhvov\" class=\"cmsmasters_owl_slider owl-carousel\" data-items=\"4\" data-single-item=\"false\" data-auto-play=\"5000\"><div class=\"cmsmasters_owl_slider_item\"><!-- Start Posts Slider Project Article -->\r\n<article id=\"post-305\" class=\"cmsmasters_slider_project post-305 project type-project status-publish format-standard has-post-thumbnail hentry pj-categs-kisten-abholboxen\">\r\n\t<div class=\"cmsmasters_slider_project_outer\">\r\n\t<figure class=\"cmsmasters_img_rollover_wrap preloader\"><img loading=\"lazy\" decoding=\"async\" width=\"300\" height=\"400\" src=\"https:\/\/skm-moers.com\/wp-content\/uploads\/2021\/09\/Ablagekiste-XL@2x-1.png\" class=\"full-width wp-post-image\" alt=\"Ablagekiste XL\" title=\"Ablagekiste-XL\" srcset=\"https:\/\/skm-moers.com\/wp-content\/uploads\/2021\/09\/Ablagekiste-XL@2x-1.png 300w, https:\/\/skm-moers.com\/wp-content\/uploads\/2021\/09\/Ablagekiste-XL@2x-1-225x300.png 225w\" sizes=\"auto, (max-width: 300px) 100vw, 300px\" \/><div class=\"cmsmasters_img_rollover noroll\"><a href=\"https:\/\/skm-moers.com\/en\/project\/ablagekiste-xl-2\/\" title=\"Ablagekiste XL\" class=\"cmsmasters_open_link\"><\/a><\/div><\/figure>\t<\/div>\r\n<\/article>\r\n<!-- Finish Posts Slider Project Article -->\r\n\r\n<\/div><div class=\"cmsmasters_owl_slider_item\"><!-- Start Posts Slider Project Article -->\r\n<article id=\"post-311\" class=\"cmsmasters_slider_project post-311 project type-project status-publish format-standard has-post-thumbnail hentry pj-categs-kisten-abholboxen\">\r\n\t<div class=\"cmsmasters_slider_project_outer\">\r\n\t<figure class=\"cmsmasters_img_rollover_wrap preloader\"><img loading=\"lazy\" decoding=\"async\" width=\"300\" height=\"400\" src=\"https:\/\/skm-moers.com\/wp-content\/uploads\/2021\/09\/Depotkiste-mit-Standfuss@2x.png\" class=\"full-width wp-post-image\" alt=\"Depotkiste mit Standfu\u00df\" title=\"Depotkiste mit Standfu\u00df\" srcset=\"https:\/\/skm-moers.com\/wp-content\/uploads\/2021\/09\/Depotkiste-mit-Standfuss@2x.png 300w, https:\/\/skm-moers.com\/wp-content\/uploads\/2021\/09\/Depotkiste-mit-Standfuss@2x-225x300.png 225w\" sizes=\"auto, (max-width: 300px) 100vw, 300px\" \/><div class=\"cmsmasters_img_rollover noroll\"><a href=\"https:\/\/skm-moers.com\/en\/project\/depotkiste-mit-standfuss\/\" title=\"Depotkiste mit Standfu\u00df\" class=\"cmsmasters_open_link\"><\/a><\/div><\/figure>\t<\/div>\r\n<\/article>\r\n<!-- Finish Posts Slider Project Article -->\r\n\r\n<\/div><div class=\"cmsmasters_owl_slider_item\"><!-- Start Posts Slider Project Article -->\r\n<article id=\"post-312\" class=\"cmsmasters_slider_project post-312 project type-project status-publish format-standard has-post-thumbnail hentry pj-categs-kisten-abholboxen\">\r\n\t<div class=\"cmsmasters_slider_project_outer\">\r\n\t<figure class=\"cmsmasters_img_rollover_wrap preloader\"><img loading=\"lazy\" decoding=\"async\" width=\"300\" height=\"400\" src=\"https:\/\/skm-moers.com\/wp-content\/uploads\/2021\/09\/Ablagekiste@2x.png\" class=\"full-width wp-post-image\" alt=\"Ablagekiste\" title=\"Ablagekiste\" srcset=\"https:\/\/skm-moers.com\/wp-content\/uploads\/2021\/09\/Ablagekiste@2x.png 300w, https:\/\/skm-moers.com\/wp-content\/uploads\/2021\/09\/Ablagekiste@2x-225x300.png 225w\" sizes=\"auto, (max-width: 300px) 100vw, 300px\" \/><div class=\"cmsmasters_img_rollover noroll\"><a href=\"https:\/\/skm-moers.com\/en\/project\/ablagekiste\/\" title=\"Ablagekiste\" class=\"cmsmasters_open_link\"><\/a><\/div><\/figure>\t<\/div>\r\n<\/article>\r\n<!-- Finish Posts Slider Project Article -->\r\n\r\n<\/div><div class=\"cmsmasters_owl_slider_item\"><!-- Start Posts Slider Project Article -->\r\n<article id=\"post-313\" class=\"cmsmasters_slider_project post-313 project type-project status-publish format-standard has-post-thumbnail hentry pj-categs-kisten-abholboxen\">\r\n\t<div class=\"cmsmasters_slider_project_outer\">\r\n\t<figure class=\"cmsmasters_img_rollover_wrap preloader\"><img loading=\"lazy\" decoding=\"async\" width=\"300\" height=\"400\" src=\"https:\/\/skm-moers.com\/wp-content\/uploads\/2021\/09\/Abholbox@2x.png\" class=\"full-width wp-post-image\" alt=\"Abholbox\" title=\"Abholbox\" srcset=\"https:\/\/skm-moers.com\/wp-content\/uploads\/2021\/09\/Abholbox@2x.png 300w, https:\/\/skm-moers.com\/wp-content\/uploads\/2021\/09\/Abholbox@2x-225x300.png 225w\" sizes=\"auto, (max-width: 300px) 100vw, 300px\" \/><div class=\"cmsmasters_img_rollover noroll\"><a href=\"https:\/\/skm-moers.com\/en\/project\/abholbox\/\" title=\"Abholbox\" class=\"cmsmasters_open_link\"><\/a><\/div><\/figure>\t<\/div>\r\n<\/article>\r\n<!-- Finish Posts Slider Project Article -->\r\n\r\n<\/div><\/div><\/div>\n<\/div><\/div>\n<\/div>\n<\/div>\n<\/div>\n<\/div>\n<\/div>\n<div id=\"cmsmasters_row_l9obs6yvxs\" class=\"cmsmasters_row cmsmasters_color_scheme_default cmsmasters_row_top_default cmsmasters_row_bot_default cmsmasters_row_fullwidth\">\n<div class=\"cmsmasters_row_outer_parent\">\n<div class=\"cmsmasters_row_outer\">\n<div class=\"cmsmasters_row_inner cmsmasters_row_fullwidth\">\n<div class=\"cmsmasters_row_margin\">\n<div id=\"cmsmasters_column_hhjqz20ync\" class=\"cmsmasters_column one_first\">\n<div class=\"cmsmasters_column_inner\"><div class=\"cmsmasters_text\">\n<h2 style=\"margin: 0 0 10px;\">Briefk\u00e4sten<\/h2>\n<\/div>\n<\/div><\/div>\n<\/div>\n<\/div>\n<\/div>\n<\/div>\n<\/div>\n<div id=\"cmsmasters_row_tm0uesxlqd\" class=\"cmsmasters_row cmsmasters_color_scheme_default cmsmasters_row_top_default cmsmasters_row_bot_default cmsmasters_row_fullwidth\">\n<div class=\"cmsmasters_row_outer_parent\">\n<div class=\"cmsmasters_row_outer\">\n<div class=\"cmsmasters_row_inner cmsmasters_row_fullwidth\">\n<div class=\"cmsmasters_row_margin\">\n<div id=\"cmsmasters_column_5966gsz1en\" class=\"cmsmasters_column one_first\">\n<div class=\"cmsmasters_column_inner\">\n<div class=\"cmsmasters_posts_slider project no-link\" >\r\n\t\t<div id=\"cmsmasters_slider_1zoh3nbayi\" class=\"cmsmasters_owl_slider owl-carousel\" data-items=\"4\" data-single-item=\"false\" data-auto-play=\"5000\"><div class=\"cmsmasters_owl_slider_item\"><!-- Start Posts Slider Project Article -->\r\n<article id=\"post-324\" class=\"cmsmasters_slider_project post-324 project type-project status-publish format-standard has-post-thumbnail hentry pj-categs-briefkaesten\">\r\n\t<div class=\"cmsmasters_slider_project_outer\">\r\n\t<figure class=\"cmsmasters_img_rollover_wrap preloader\"><img loading=\"lazy\" decoding=\"async\" width=\"300\" height=\"400\" src=\"https:\/\/skm-moers.com\/wp-content\/uploads\/2021\/09\/Standbriefkasten@2x.png\" class=\"full-width wp-post-image\" alt=\"Standbriefkasten\" title=\"Standbriefkasten\" srcset=\"https:\/\/skm-moers.com\/wp-content\/uploads\/2021\/09\/Standbriefkasten@2x.png 300w, https:\/\/skm-moers.com\/wp-content\/uploads\/2021\/09\/Standbriefkasten@2x-225x300.png 225w\" sizes=\"auto, (max-width: 300px) 100vw, 300px\" \/><div class=\"cmsmasters_img_rollover noroll\"><a href=\"https:\/\/skm-moers.com\/en\/project\/standbriefkasten\/\" title=\"Standbriefkasten\" class=\"cmsmasters_open_link\"><\/a><\/div><\/figure>\t<\/div>\r\n<\/article>\r\n<!-- Finish Posts Slider Project Article -->\r\n\r\n<\/div><div class=\"cmsmasters_owl_slider_item\"><!-- Start Posts Slider Project Article -->\r\n<article id=\"post-325\" class=\"cmsmasters_slider_project post-325 project type-project status-publish format-standard has-post-thumbnail hentry pj-categs-briefkaesten\">\r\n\t<div class=\"cmsmasters_slider_project_outer\">\r\n\t<figure class=\"cmsmasters_img_rollover_wrap preloader\"><img loading=\"lazy\" decoding=\"async\" width=\"300\" height=\"400\" src=\"https:\/\/skm-moers.com\/wp-content\/uploads\/2021\/09\/Wandbriefkasten@2x.png\" class=\"full-width wp-post-image\" alt=\"Wandbriefkasten\" title=\"Wandbriefkasten\" srcset=\"https:\/\/skm-moers.com\/wp-content\/uploads\/2021\/09\/Wandbriefkasten@2x.png 300w, https:\/\/skm-moers.com\/wp-content\/uploads\/2021\/09\/Wandbriefkasten@2x-225x300.png 225w\" sizes=\"auto, (max-width: 300px) 100vw, 300px\" \/><div class=\"cmsmasters_img_rollover noroll\"><a href=\"https:\/\/skm-moers.com\/en\/project\/wandbriefkasten\/\" title=\"Wandbriefkasten\" class=\"cmsmasters_open_link\"><\/a><\/div><\/figure>\t<\/div>\r\n<\/article>\r\n<!-- Finish Posts Slider Project Article -->\r\n\r\n<\/div><div class=\"cmsmasters_owl_slider_item\"><!-- Start Posts Slider Project Article -->\r\n<article id=\"post-319\" class=\"cmsmasters_slider_project post-319 project type-project status-publish format-standard has-post-thumbnail hentry pj-categs-briefkaesten\">\r\n\t<div class=\"cmsmasters_slider_project_outer\">\r\n\t<figure class=\"cmsmasters_img_rollover_wrap preloader\"><img loading=\"lazy\" decoding=\"async\" width=\"300\" height=\"400\" src=\"https:\/\/skm-moers.com\/wp-content\/uploads\/2021\/09\/Hybridbriefkasten@2x.png\" class=\"full-width wp-post-image\" alt=\"Hybridbriefkasten\" title=\"Hybridbriefkasten\" srcset=\"https:\/\/skm-moers.com\/wp-content\/uploads\/2021\/09\/Hybridbriefkasten@2x.png 300w, https:\/\/skm-moers.com\/wp-content\/uploads\/2021\/09\/Hybridbriefkasten@2x-225x300.png 225w\" sizes=\"auto, (max-width: 300px) 100vw, 300px\" \/><div class=\"cmsmasters_img_rollover noroll\"><a href=\"https:\/\/skm-moers.com\/en\/project\/hybridbriefkasten\/\" title=\"Hybridbriefkasten\" class=\"cmsmasters_open_link\"><\/a><\/div><\/figure>\t<\/div>\r\n<\/article>\r\n<!-- Finish Posts Slider Project Article -->\r\n\r\n<\/div><\/div><\/div>\n<\/div><\/div>\n<\/div>\n<\/div>\n<\/div>\n<\/div>\n<\/div>\n<div id=\"cmsmasters_row_0qk1p8wjlq\" class=\"cmsmasters_row cmsmasters_color_scheme_default cmsmasters_row_top_default cmsmasters_row_bot_default cmsmasters_row_fullwidth\">\n<div id=\"catalague-section\" class=\"cmsmasters_row_outer_parent\">\n<div class=\"cmsmasters_row_outer\">\n<div class=\"cmsmasters_row_inner cmsmasters_row_fullwidth\">\n<div class=\"cmsmasters_row_margin\">\n<div id=\"cmsmasters_column_o8zukjtvst\" class=\"cmsmasters_column one_first\">\n<div class=\"cmsmasters_column_inner\"><div class=\"cmsmasters_text link-banner-desktop\">\n<p style=\"text-align: center;\"><span class=\"catalogue-txt\">Weitere Produkte und Detailinformationen finden Sie in unserer Brosch\u00fcre<\/span><span style=\"color: #e30613;\"> <a class=\"catalogue-style\" style=\"color: #e30613;\" href=\"https:\/\/skm-moers.com\/wp-content\/uploads\/2021\/09\/SKM-Katalog-Postlogistik-catalogue-post-logistics.pdf\" target=\"_blank\" rel=\"noopener noreferrer\">Postlogistik Brosch\u00fcre <i class=\"cmsmasters_simple_icon cmsmasters-icon-link-ext\" style=\"color: #e30613;\"><\/i><\/a><\/span><\/p>\n<\/div>\n<div class=\"cmsmasters_text link-banner-mobile\">\n<p style=\"text-align: center;\"><span class=\"catalogue-txt\">Weitere Produkte und Detailinformationen finden Sie in unserer Brosch\u00fcre<\/span><\/p>\n<p style=\"text-align: center;\"><span style=\"color: #e30613;\"><a class=\"catalogue-style\" style=\"color: #e30613;\" href=\"https:\/\/skm-moers.com\/wp-content\/uploads\/2021\/09\/SKM-Katalog-Postlogistik-catalogue-post-logistics.pdf\" target=\"_blank\" rel=\"noopener noreferrer\">Postlogistik Brosch\u00fcre <i class=\"cmsmasters_simple_icon cmsmasters-icon-link-ext\" style=\"color: #e30613;\"><\/i><\/a><\/span><\/p>\n<\/div>\n<\/div><\/div>\n<\/div>\n<\/div>\n<\/div>\n<\/div>\n<\/div>\n<div id=\"cmsmasters_row_xn0vh3wlz\" class=\"cmsmasters_row cmsmasters_color_scheme_default cmsmasters_row_top_default cmsmasters_row_bot_default cmsmasters_row_boxed\">\n<div class=\"cmsmasters_row_outer_parent\">\n<div class=\"cmsmasters_row_outer\">\n<div class=\"cmsmasters_row_inner\">\n<div class=\"cmsmasters_row_margin\">\n<div id=\"cmsmasters_column_o776d2uk2c\" class=\"cmsmasters_column one_first\">\n<div class=\"cmsmasters_column_inner\"><div id=\"cmsmasters_heading_55f1kmrjlo\" class=\"cmsmasters_heading_wrap cmsmasters_heading_align_center\">\n\t<h1 class=\"cmsmasters_heading\">Individuelle L\u00f6sungen<\/h1>\n<\/div><div class=\"cmsmasters_text\">\n<p class=\"ending-txt-block-upper\">Dies sind nur einige Beispiele aus unserem gro\u00dfen Produktsortiment. Gem\u00e4\u00df Ihrer W\u00fcnsche und Anforderungen stellen wir Ihnen unsere Produkte vor. Bitte kontaktieren Sie uns!<\/p>\n<\/div>\n<div id=\"cmsmasters_button_1515yc8k0n\" class=\"button_wrap\"><a href=\"\/contact\" class=\"cmsmasters_button\"><span>Kontakt<\/span><\/a><\/div>\n<\/div><\/div>\n<\/div>\n<\/div>\n<\/div>\n<\/div>\n<\/div>\n<div id=\"cmsmasters_row_cl4k5vnp0m\" class=\"cmsmasters_row cmsmasters_color_scheme_default cmsmasters_row_top_default cmsmasters_row_bot_default cmsmasters_row_boxed\">\n<div class=\"cmsmasters_row_outer_parent\">\n<div class=\"cmsmasters_row_outer\">\n<div class=\"cmsmasters_row_inner\">\n<div class=\"cmsmasters_row_margin\">\n<div id=\"cmsmasters_column_3tvtfxaro\" class=\"cmsmasters_column one_first\">\n<div class=\"cmsmasters_column_inner\"><div class=\"custom_js\">\n<script type=\"text\/javascript\">\ndocument.onreadystatechange = () => {\n  if (document.readyState === \"complete\") {\n       var elements = document.getElementsByClassName('cmsmasters_open_link');\n       \n       if(!elements) {\n          return;\n       }\n       \n       for(var i=0;i<elements.length;i++) {\n          var elem = elements[i];\n          elem.href = 'https:\/\/shop.skm-moers.com\/metallkisten\/'\n          elem.target = '_blank';\n      }\n  }\n };\n<\/script>\n<\/div>\n<\/div><\/div>\n<\/div>\n<\/div>\n<\/div>\n<\/div>\n<\/div>\n\n","protected":false},"excerpt":{"rendered":"","protected":false},"author":1,"featured_media":0,"parent":0,"menu_order":0,"comment_status":"closed","ping_status":"closed","template":"","meta":{"footnotes":""},"class_list":["post-301","page","type-page","status-publish","hentry"],"_links":{"self":[{"href":"https:\/\/skm-moers.com\/en\/wp-json\/wp\/v2\/pages\/301","targetHints":{"allow":["GET"]}}],"collection":[{"href":"https:\/\/skm-moers.com\/en\/wp-json\/wp\/v2\/pages"}],"about":[{"href":"https:\/\/skm-moers.com\/en\/wp-json\/wp\/v2\/types\/page"}],"author":[{"embeddable":true,"href":"https:\/\/skm-moers.com\/en\/wp-json\/wp\/v2\/users\/1"}],"replies":[{"embeddable":true,"href":"https:\/\/skm-moers.com\/en\/wp-json\/wp\/v2\/comments?post=301"}],"version-history":[{"count":2,"href":"https:\/\/skm-moers.com\/en\/wp-json\/wp\/v2\/pages\/301\/revisions"}],"predecessor-version":[{"id":1740,"href":"https:\/\/skm-moers.com\/en\/wp-json\/wp\/v2\/pages\/301\/revisions\/1740"}],"wp:attachment":[{"href":"https:\/\/skm-moers.com\/en\/wp-json\/wp\/v2\/media?parent=301"}],"curies":[{"name":"wp","href":"https:\/\/api.w.org\/{rel}","templated":true}]}}